{"id":1563,"date":"2023-08-01T14:30:47","date_gmt":"2023-08-01T11:30:47","guid":{"rendered":"https:\/\/bituumensindel24.ee\/?post_type=product&#038;p=1563"},"modified":"2023-12-27T17:56:17","modified_gmt":"2023-12-27T15:56:17","slug":"vilpe-vapour-stop-100-380mm-aurutoke","status":"publish","type":"product","link":"https:\/\/bituumensindel24.ee\/fi\/toode\/vilpe-vapour-stop-100-380mm-aurutoke\/","title":{"rendered":"Vilpe VAPOUR STOP 100-380mm H\u00d6YRYSULKU"},"content":{"rendered":"<p>K\u00e4ytt\u00f6kohde: Silikonikumista valmistettu tiiviste. Py\u00f6re\u00e4n piipun tai harkkopiipun l\u00e4piviennin tiivist\u00e4miseen h\u00f6yrynsulkumuovin l\u00e4pi. Kiinnitet\u00e4\u00e4n silikonin ja muovin teippaukseen soveltuvalla teipill\u00e4.<br \/>\nSis\u00e4lt\u00f6: Silikonikumitiiviste.<\/p>","protected":false},"excerpt":{"rendered":"<p>K\u00e4ytt\u00f6kohde: Silikonikumista valmistettu tiiviste. Py\u00f6re\u00e4n piipun tai harkkopiipun l\u00e4piviennin tiivist\u00e4miseen h\u00f6yrynsulkumuovin l\u00e4pi. Kiinnitet\u00e4\u00e4n silikonin ja muovin teippaukseen soveltuvalla teipill\u00e4. Sis\u00e4lt\u00f6:<\/p>\n","protected":false},"featured_media":1564,"comment_status":"closed","ping_status":"closed","template":"","meta":[],"product_brand":[],"product_cat":[470],"product_tag":[474,476,475],"class_list":{"0":"post-1563","1":"product","2":"type-product","3":"status-publish","4":"has-post-thumbnail","6":"product_cat-korstnalabiviigud","7":"product_tag-vilpe-vapour-stop-100-380-hoyrysulku","8":"product_tag-vilpe-vapour-stop-100-380mm","9":"product_tag-vilpe-vapour-stop-100-380mm-aurutoke","11":"first","12":"onbackorder","13":"sale","14":"taxable","15":"shipping-taxable","16":"purchasable","17":"product-type-simple"},"aioseo_notices":[],"_links":{"self":[{"href":"https:\/\/bituumensindel24.ee\/fi\/wp-json\/wp\/v2\/product\/1563","targetHints":{"allow":["GET"]}}],"collection":[{"href":"https:\/\/bituumensindel24.ee\/fi\/wp-json\/wp\/v2\/product"}],"about":[{"href":"https:\/\/bituumensindel24.ee\/fi\/wp-json\/wp\/v2\/types\/product"}],"replies":[{"embeddable":true,"href":"https:\/\/bituumensindel24.ee\/fi\/wp-json\/wp\/v2\/comments?post=1563"}],"wp:featuredmedia":[{"embeddable":true,"href":"https:\/\/bituumensindel24.ee\/fi\/wp-json\/wp\/v2\/media\/1564"}],"wp:attachment":[{"href":"https:\/\/bituumensindel24.ee\/fi\/wp-json\/wp\/v2\/media?parent=1563"}],"wp:term":[{"taxonomy":"product_brand","embeddable":true,"href":"https:\/\/bituumensindel24.ee\/fi\/wp-json\/wp\/v2\/product_brand?post=1563"},{"taxonomy":"product_cat","embeddable":true,"href":"https:\/\/bituumensindel24.ee\/fi\/wp-json\/wp\/v2\/product_cat?post=1563"},{"taxonomy":"product_tag","embeddable":true,"href":"https:\/\/bituumensindel24.ee\/fi\/wp-json\/wp\/v2\/product_tag?post=1563"}],"curies":[{"name":"wp","href":"https:\/\/api.w.org\/{rel}","templated":true}]}}