{"id":1550,"date":"2023-07-20T14:59:37","date_gmt":"2023-07-20T11:59:37","guid":{"rendered":"https:\/\/bituumensindel24.ee\/?post_type=product&#038;p=1550"},"modified":"2024-05-22T15:19:32","modified_gmt":"2024-05-22T12:19:32","slug":"vilpe-pvc-kaelus-alipai-110-tuulutile-helehall","status":"publish","type":"product","link":"https:\/\/bituumensindel24.ee\/fi\/toode\/vilpe-pvc-kaelus-alipai-110-tuulutile-helehall\/","title":{"rendered":"Vilpe PVC-Kaulus Alipai 110 Tuulettimelle Vaaleanharmaa"},"content":{"rendered":"<p>K\u00e4ytt\u00f6kohteet: PVC-muovista valmistettu kaulus helpottamaan Alipai-tuulettimien asennusta PVC-katteille. Asennus kuumailmalla hitsaamalla kuten itse katemateriaalikin. Alipai-tuulettimeen kaulus kiinnitet\u00e4\u00e4n pakkauksen mukana tulevalla ruostumattomalla kiristimell\u00e4.<\/p>\n<p>Alipai PVC-Kaulus on PVC-muovista valmistettu kartiomainen kaulus, joka helpottaa huomattavasti Alipai-tuulettimien asennusta PVC-katteille. Sen avulla Alipai-tuulettimen voi asentaa vesitiiviisti kaikille PVC-materiaaleille. Kaulus asennetaan katolle samalla tavalla hitsaamalla kuin itse katemateriaalikin. Alipai-tuulettimeen kaulus kiinnitet\u00e4\u00e4n pakkauksen mukana tulevalla ruostumattomalla kiristimell\u00e4.<\/p>\n<p>Alipai PVC-Kauluksen avulla on mahdollista asentaa vesitiiviisti Alipai 110 -tuulettimen Harja 14\u00b0 sek\u00e4 tasakattomallit.<\/p>","protected":false},"excerpt":{"rendered":"<p>Mitat: korkeus 150 mm, laipan leveys 367 mm.<br \/>\nSis\u00e4lt\u00f6: PVC-kaulus, kiristin.<\/p>\n","protected":false},"featured_media":1551,"comment_status":"closed","ping_status":"closed","template":"","meta":[],"product_brand":[],"product_cat":[58,405],"product_tag":[465,464,466],"class_list":{"0":"post-1550","1":"product","2":"type-product","3":"status-publish","4":"has-post-thumbnail","6":"product_cat-bituumenkatuse-labiviigud","7":"product_cat-alarohutuulutid","8":"product_tag-vilpe-alipai-110--","9":"product_tag-vilpe-pvc-kaelus-alipai-110-tuulutile","10":"product_tag-vilpe-pvc-kaulus-alipai-110-tuulettimelle","12":"first","13":"onbackorder","14":"sale","15":"taxable","16":"shipping-taxable","17":"purchasable","18":"product-type-simple"},"aioseo_notices":[],"_links":{"self":[{"href":"https:\/\/bituumensindel24.ee\/fi\/wp-json\/wp\/v2\/product\/1550","targetHints":{"allow":["GET"]}}],"collection":[{"href":"https:\/\/bituumensindel24.ee\/fi\/wp-json\/wp\/v2\/product"}],"about":[{"href":"https:\/\/bituumensindel24.ee\/fi\/wp-json\/wp\/v2\/types\/product"}],"replies":[{"embeddable":true,"href":"https:\/\/bituumensindel24.ee\/fi\/wp-json\/wp\/v2\/comments?post=1550"}],"wp:featuredmedia":[{"embeddable":true,"href":"https:\/\/bituumensindel24.ee\/fi\/wp-json\/wp\/v2\/media\/1551"}],"wp:attachment":[{"href":"https:\/\/bituumensindel24.ee\/fi\/wp-json\/wp\/v2\/media?parent=1550"}],"wp:term":[{"taxonomy":"product_brand","embeddable":true,"href":"https:\/\/bituumensindel24.ee\/fi\/wp-json\/wp\/v2\/product_brand?post=1550"},{"taxonomy":"product_cat","embeddable":true,"href":"https:\/\/bituumensindel24.ee\/fi\/wp-json\/wp\/v2\/product_cat?post=1550"},{"taxonomy":"product_tag","embeddable":true,"href":"https:\/\/bituumensindel24.ee\/fi\/wp-json\/wp\/v2\/product_tag?post=1550"}],"curies":[{"name":"wp","href":"https:\/\/api.w.org\/{rel}","templated":true}]}}