{"id":1546,"date":"2023-07-20T12:23:17","date_gmt":"2023-07-20T09:23:17","guid":{"rendered":"https:\/\/bituumensindel24.ee\/?post_type=product&#038;p=1546"},"modified":"2023-12-27T17:56:17","modified_gmt":"2023-12-27T15:56:17","slug":"vilpe-s-adapter-o110-must","status":"publish","type":"product","link":"https:\/\/bituumensindel24.ee\/fi\/toode\/vilpe-s-adapter-o110-must\/","title":{"rendered":"Vilpe S-Adapteri \u00d8110 Musta"},"content":{"rendered":"<p><\/p>\n<div id=\"long_desc\" class=\"product_desc_content\" data-toggler=\".hidden\" data-hidden=\"3hsqxr-hidden\">\n<p>K\u00e4ytt\u00f6kohteet: K\u00e4ytt\u00f6kohteet: E120S-imurin liitt\u00e4miseen erist\u00e4m\u00e4tt\u00f6mien, halkaisijaltaan 110 mm olevien Alipai-putkien p\u00e4\u00e4h\u00e4n. Eristettyihin \u00d8 110 mm Alipai-putkiin E120S-imuri voidaan liitt\u00e4\u00e4 suoraan. Soveltuu my\u00f6s potentiometris\u00e4\u00e4t\u00f6isen ECo110s-imurin asentamiseen Alipai-putkien p\u00e4\u00e4h\u00e4n.<br \/>\nS-sarjan huippuimurit ja ilmanvaihdon poistot on tarkoitettu asennettaviksi ilmanvaihtokanavaan hormin tai \u00e4\u00e4nenvaimentimen p\u00e4\u00e4lle vaakasuoralle tasopinnalle. N\u00e4in ne sopivat my\u00f6s loiville katoille. S-huippuimureita ja S-ilmanvaihdon poistoja k\u00e4ytet\u00e4\u00e4n esimerkiksi kerros- ja rivitaloissa, joihin halutaan huoneistokohtainen ilmanvaihto. S-sarjan huippuimurin avulla voidaan my\u00f6s vanha painovoimainen ilmanvaihtoj\u00e4rjestelm\u00e4 muuttaa koneelliseksi saneerauskohteissa.<\/p>\n<\/div>\n<p>&nbsp;<\/p>","protected":false},"excerpt":{"rendered":"<p>Sis\u00e4lt\u00f6: Adapteri.<\/p>\n","protected":false},"featured_media":1547,"comment_status":"closed","ping_status":"closed","template":"","meta":[],"product_brand":[],"product_cat":[58,405],"product_tag":[461,463,462],"class_list":{"0":"post-1546","1":"product","2":"type-product","3":"status-publish","4":"has-post-thumbnail","6":"product_cat-bituumenkatuse-labiviigud","7":"product_cat-alarohutuulutid","8":"product_tag-vilpe-s-adapter-o110","9":"product_tag-vilpe-s-adapteri-o110","10":"product_tag-vilpe-s--o110","12":"first","13":"onbackorder","14":"sale","15":"taxable","16":"shipping-taxable","17":"purchasable","18":"product-type-simple"},"aioseo_notices":[],"_links":{"self":[{"href":"https:\/\/bituumensindel24.ee\/fi\/wp-json\/wp\/v2\/product\/1546","targetHints":{"allow":["GET"]}}],"collection":[{"href":"https:\/\/bituumensindel24.ee\/fi\/wp-json\/wp\/v2\/product"}],"about":[{"href":"https:\/\/bituumensindel24.ee\/fi\/wp-json\/wp\/v2\/types\/product"}],"replies":[{"embeddable":true,"href":"https:\/\/bituumensindel24.ee\/fi\/wp-json\/wp\/v2\/comments?post=1546"}],"wp:featuredmedia":[{"embeddable":true,"href":"https:\/\/bituumensindel24.ee\/fi\/wp-json\/wp\/v2\/media\/1547"}],"wp:attachment":[{"href":"https:\/\/bituumensindel24.ee\/fi\/wp-json\/wp\/v2\/media?parent=1546"}],"wp:term":[{"taxonomy":"product_brand","embeddable":true,"href":"https:\/\/bituumensindel24.ee\/fi\/wp-json\/wp\/v2\/product_brand?post=1546"},{"taxonomy":"product_cat","embeddable":true,"href":"https:\/\/bituumensindel24.ee\/fi\/wp-json\/wp\/v2\/product_cat?post=1546"},{"taxonomy":"product_tag","embeddable":true,"href":"https:\/\/bituumensindel24.ee\/fi\/wp-json\/wp\/v2\/product_tag?post=1546"}],"curies":[{"name":"wp","href":"https:\/\/api.w.org\/{rel}","templated":true}]}}