{"id":1542,"date":"2023-07-20T10:55:37","date_gmt":"2023-07-20T07:55:37","guid":{"rendered":"https:\/\/bituumensindel24.ee\/?post_type=product&#038;p=1542"},"modified":"2024-04-30T10:16:50","modified_gmt":"2024-04-30T07:16:50","slug":"vilpe-felt-tihend-o700","status":"publish","type":"product","link":"https:\/\/bituumensindel24.ee\/fi\/toode\/vilpe-felt-tihend-o700\/","title":{"rendered":"Vilpe Felt tiiviste \u00d8700"},"content":{"rendered":"<p>K\u00e4ytt\u00f6kohteet: Py\u00f6reiden putkien l\u00e4piviennin tiivist\u00e4miseen huopakatteella. Valmistettu EPDM-kumista. K\u00e4ytt\u00f6l\u00e4mp\u00f6tila -30\u2026+90\u00b0C. Laippa asennetaan kuumabitumin avulla kahden huopakerroksen v\u00e4liin. L\u00e4pivientitiivisteet on tarkoitettu tasakatoille (&lt;11,5\u00b0 kaato).<\/p>","protected":false},"excerpt":{"rendered":"<p>Malli:  \u00d8 700\/725\/750\/775<br \/>\nMitat: Korkeus 150 mm. Aukko leikataan putken halkaisijan mukaan.<br \/>\nSis\u00e4lt\u00f6: Tiiviste, ruostumaton kiristin.<\/p>\n","protected":false},"featured_media":1543,"comment_status":"closed","ping_status":"closed","template":"","meta":[],"product_brand":[],"product_cat":[58,420],"product_tag":[456,455,457],"class_list":{"0":"post-1542","1":"product","2":"type-product","3":"status-publish","4":"has-post-thumbnail","6":"product_cat-bituumenkatuse-labiviigud","7":"product_cat-labiviigu-tihendid","8":"product_tag-vilpe-felt-roofseal--o700","9":"product_tag-vilpe-felt-tihend-o700","10":"product_tag-vilpe-felt-tiiviste-o700","12":"first","13":"onbackorder","14":"sale","15":"taxable","16":"shipping-taxable","17":"purchasable","18":"product-type-simple"},"aioseo_notices":[],"_links":{"self":[{"href":"https:\/\/bituumensindel24.ee\/fi\/wp-json\/wp\/v2\/product\/1542","targetHints":{"allow":["GET"]}}],"collection":[{"href":"https:\/\/bituumensindel24.ee\/fi\/wp-json\/wp\/v2\/product"}],"about":[{"href":"https:\/\/bituumensindel24.ee\/fi\/wp-json\/wp\/v2\/types\/product"}],"replies":[{"embeddable":true,"href":"https:\/\/bituumensindel24.ee\/fi\/wp-json\/wp\/v2\/comments?post=1542"}],"wp:featuredmedia":[{"embeddable":true,"href":"https:\/\/bituumensindel24.ee\/fi\/wp-json\/wp\/v2\/media\/1543"}],"wp:attachment":[{"href":"https:\/\/bituumensindel24.ee\/fi\/wp-json\/wp\/v2\/media?parent=1542"}],"wp:term":[{"taxonomy":"product_brand","embeddable":true,"href":"https:\/\/bituumensindel24.ee\/fi\/wp-json\/wp\/v2\/product_brand?post=1542"},{"taxonomy":"product_cat","embeddable":true,"href":"https:\/\/bituumensindel24.ee\/fi\/wp-json\/wp\/v2\/product_cat?post=1542"},{"taxonomy":"product_tag","embeddable":true,"href":"https:\/\/bituumensindel24.ee\/fi\/wp-json\/wp\/v2\/product_tag?post=1542"}],"curies":[{"name":"wp","href":"https:\/\/api.w.org\/{rel}","templated":true}]}}