{"id":1540,"date":"2023-07-20T10:41:52","date_gmt":"2023-07-20T07:41:52","guid":{"rendered":"https:\/\/bituumensindel24.ee\/?post_type=product&#038;p=1540"},"modified":"2024-04-30T10:15:27","modified_gmt":"2024-04-30T07:15:27","slug":"vilpe-felt-tihend-o600","status":"publish","type":"product","link":"https:\/\/bituumensindel24.ee\/fi\/toode\/vilpe-felt-tihend-o600\/","title":{"rendered":"Vilpe Felt tiiviste \u00d8600"},"content":{"rendered":"<p>K\u00e4ytt\u00f6kohteet: Py\u00f6reiden putkien l\u00e4piviennin tiivist\u00e4miseen huopakatteella. Valmistettu EPDM-kumista. K\u00e4ytt\u00f6l\u00e4mp\u00f6tila -30\u2026+90\u00b0C. Laippa asennetaan kuumabitumin avulla kahden huopakerroksen v\u00e4liin. L\u00e4pivientitiivisteet on tarkoitettu tasakatoille (&lt;11,5\u00b0 kaato).<\/p>","protected":false},"excerpt":{"rendered":"<p>Malli:  \u00d8 600\/625\/650\/675<br \/>\nMitat: Korkeus 150 mm. Aukko leikataan putken halkaisijan mukaan.<br \/>\nSis\u00e4lt\u00f6: Tiiviste, ruostumaton kiristin.<\/p>\n","protected":false},"featured_media":1541,"comment_status":"closed","ping_status":"closed","template":"","meta":[],"product_brand":[],"product_cat":[58,420],"product_tag":[453,452,454],"class_list":{"0":"post-1540","1":"product","2":"type-product","3":"status-publish","4":"has-post-thumbnail","6":"product_cat-bituumenkatuse-labiviigud","7":"product_cat-labiviigu-tihendid","8":"product_tag-vilpe-felt-roofseal--o600","9":"product_tag-vilpe-felt-tihend-o600","10":"product_tag-vilpe-felt-tiiviste-o600","12":"first","13":"onbackorder","14":"sale","15":"taxable","16":"shipping-taxable","17":"purchasable","18":"product-type-simple"},"aioseo_notices":[],"_links":{"self":[{"href":"https:\/\/bituumensindel24.ee\/fi\/wp-json\/wp\/v2\/product\/1540","targetHints":{"allow":["GET"]}}],"collection":[{"href":"https:\/\/bituumensindel24.ee\/fi\/wp-json\/wp\/v2\/product"}],"about":[{"href":"https:\/\/bituumensindel24.ee\/fi\/wp-json\/wp\/v2\/types\/product"}],"replies":[{"embeddable":true,"href":"https:\/\/bituumensindel24.ee\/fi\/wp-json\/wp\/v2\/comments?post=1540"}],"wp:featuredmedia":[{"embeddable":true,"href":"https:\/\/bituumensindel24.ee\/fi\/wp-json\/wp\/v2\/media\/1541"}],"wp:attachment":[{"href":"https:\/\/bituumensindel24.ee\/fi\/wp-json\/wp\/v2\/media?parent=1540"}],"wp:term":[{"taxonomy":"product_brand","embeddable":true,"href":"https:\/\/bituumensindel24.ee\/fi\/wp-json\/wp\/v2\/product_brand?post=1540"},{"taxonomy":"product_cat","embeddable":true,"href":"https:\/\/bituumensindel24.ee\/fi\/wp-json\/wp\/v2\/product_cat?post=1540"},{"taxonomy":"product_tag","embeddable":true,"href":"https:\/\/bituumensindel24.ee\/fi\/wp-json\/wp\/v2\/product_tag?post=1540"}],"curies":[{"name":"wp","href":"https:\/\/api.w.org\/{rel}","templated":true}]}}