{"id":1500,"date":"2023-07-12T11:47:36","date_gmt":"2023-07-12T08:47:36","guid":{"rendered":"https:\/\/bituumensindel24.ee\/?post_type=product&#038;p=1500"},"modified":"2024-04-14T10:04:27","modified_gmt":"2024-04-14T07:04:27","slug":"katepal-aluspapp-steelbase","status":"publish","type":"product","link":"https:\/\/bituumensindel24.ee\/fi\/toode\/katepal-aluspapp-steelbase\/","title":{"rendered":"Katepal aluskate Steelbase"},"content":{"rendered":"<p>SteelBase on kangaspintainen AKE-tuoteluokiteltu aluskermi pelti- ja tiilikatteille. Tuotteen yl\u00e4pinnassa olevan kangaspinnan ansiosta peltikate voidaan asentaa suoraan aluskermin p\u00e4\u00e4lle ilman erillist\u00e4 tuuletusv\u00e4li\u00e4. Tuote asennetaan kiinte\u00e4lle alustalle mekaanisin kiinnikkein, esimerkiksi huopanauloin.<\/p>\n<p>SOPIVUUS<br \/>\nK\u00e4ytt\u00f6kohde: Aluskate tiili- ja peltikatoille, kiinte\u00e4lle alustalle<br \/>\nAsennustapa :Itseliimautuva, Mekaaninen kiinnitys<br \/>\nMinimikaltevuus: 1:10<\/p>","protected":false},"excerpt":{"rendered":"<div class=\"Grid-cell Width--6\/12@m\">\n<div class=\"List-item\">Hy\u00f6tyneli\u00f6t: 13.5 m<sup>2<\/sup><\/div>\n<div class=\"List-item\">Leveys: 1 m<\/div>\n<div class=\"List-item\">Pituus: 15 m<\/div>\n<div class=\"List-item\">Kpl \/ lava: 24 kpl<\/div>\n<\/div>\n<div class=\"Grid-cell Width--6\/12@m\">\n<div class=\"List-item\">Aluskateluokka: AKE<\/div>\n<div class=\"List-item\">Materiaali: Kumibitumi<\/div>\n<div class=\"List-item\">Yl\u00e4pinta: PP-Kangas, Liimareuna<\/div>\n<div class=\"List-item\">AlapintaPP: -Kangas, Liimareuna<\/div>\n<\/div>\n","protected":false},"featured_media":1503,"comment_status":"closed","ping_status":"closed","template":"","meta":[],"product_brand":[],"product_cat":[560,52],"product_tag":[419,417,418],"class_list":{"0":"post-1500","1":"product","2":"type-product","3":"status-publish","4":"has-post-thumbnail","6":"product_cat-aluskate","7":"product_cat-aluskate-ja-vuugiliimid","8":"product_tag-katepal-aluskermi-steelbase","9":"product_tag-katepal-aluspapp-steelbase","10":"product_tag-katepal---steelbase","12":"first","13":"onbackorder","14":"sale","15":"taxable","16":"shipping-taxable","17":"purchasable","18":"product-type-simple"},"aioseo_notices":[],"_links":{"self":[{"href":"https:\/\/bituumensindel24.ee\/fi\/wp-json\/wp\/v2\/product\/1500","targetHints":{"allow":["GET"]}}],"collection":[{"href":"https:\/\/bituumensindel24.ee\/fi\/wp-json\/wp\/v2\/product"}],"about":[{"href":"https:\/\/bituumensindel24.ee\/fi\/wp-json\/wp\/v2\/types\/product"}],"replies":[{"embeddable":true,"href":"https:\/\/bituumensindel24.ee\/fi\/wp-json\/wp\/v2\/comments?post=1500"}],"wp:featuredmedia":[{"embeddable":true,"href":"https:\/\/bituumensindel24.ee\/fi\/wp-json\/wp\/v2\/media\/1503"}],"wp:attachment":[{"href":"https:\/\/bituumensindel24.ee\/fi\/wp-json\/wp\/v2\/media?parent=1500"}],"wp:term":[{"taxonomy":"product_brand","embeddable":true,"href":"https:\/\/bituumensindel24.ee\/fi\/wp-json\/wp\/v2\/product_brand?post=1500"},{"taxonomy":"product_cat","embeddable":true,"href":"https:\/\/bituumensindel24.ee\/fi\/wp-json\/wp\/v2\/product_cat?post=1500"},{"taxonomy":"product_tag","embeddable":true,"href":"https:\/\/bituumensindel24.ee\/fi\/wp-json\/wp\/v2\/product_tag?post=1500"}],"curies":[{"name":"wp","href":"https:\/\/api.w.org\/{rel}","templated":true}]}}