{"id":1495,"date":"2023-07-12T10:35:11","date_gmt":"2023-07-12T07:35:11","guid":{"rendered":"https:\/\/bituumensindel24.ee\/?post_type=product&#038;p=1495"},"modified":"2025-06-20T09:38:34","modified_gmt":"2025-06-20T06:38:34","slug":"vilpe-airidge-felt-harjatuuluti-must","status":"publish","type":"product","link":"https:\/\/bituumensindel24.ee\/fi\/toode\/vilpe-airidge-felt-harjatuuluti-must\/","title":{"rendered":"Vilpe Airidge Felt Harjatuuletin Musta"},"content":{"rendered":"<p><\/p>\n<div class=\"woocommerce-product-details__short-description\">\n<p>K\u00e4ytt\u00f6kohteet: Pientalojen kattorakenteiden tuuletukseen, huopakatteelle. Asennus SNAP-liitoksin per\u00e4kk\u00e4in harjalle. Tuotteen rakenne est\u00e4\u00e4 sadeveden ja lumen p\u00e4\u00e4syn rakenteisiin. Huom. Mik\u00e4li tavallista kovemmat tuulet tai voimakkaasti p\u00f6lly\u00e4v\u00e4 lumi ovat tyypillisi\u00e4 alueella, rakenteiden tuuletukseen suositellaan mieluummin Alipai Harja -tuotteita.<br \/>\nMitat: 580 x 325 x 30 mm . Max. kattokaltevuus 45\u00b0.<br \/>\nSis\u00e4lt\u00f6: Tuuletin.<\/p>\n<\/div>\n<div class=\"product_desc\">\n<div id=\"long_desc\" class=\"product_desc_content\" data-toggler=\".hidden\" data-hidden=\"4u907y-hidden\">\n<p>Airidge Felt on huopakatteelle tarkoitettu harjatuuletin, jota voidaan k\u00e4ytt\u00e4\u00e4 pala- tai rullahuovalla katetuilla katoilla. Levyt asennetaan SNAP-liitoksin per\u00e4kk\u00e4in harjalle. Ne tuulettavat harjan asianmukaisesti, mutta est\u00e4v\u00e4t samalla veden ja lumen p\u00e4\u00e4syn kattorakenteisiin, mik\u00e4 pident\u00e4\u00e4 kattorakenteiden ik\u00e4\u00e4. VILPE Airidge Felt tuulettaa huopakatteen alaisen katon ottaen korvausilman r\u00e4yst\u00e4iden kautta.<\/p>\n<\/div>\n<\/div>\n<p><\/p>","protected":false},"excerpt":{"rendered":"<p>Max. kattokaltevuus 45\u00b0<br \/>\nMitat: 580 x 325 x 30 mm,<br \/>\nSis\u00e4lt\u00f6: Tuuletin.<\/p>\n","protected":false},"featured_media":1496,"comment_status":"closed","ping_status":"closed","template":"","meta":[],"product_brand":[],"product_cat":[413],"product_tag":[416,414,415],"class_list":{"0":"post-1495","1":"product","2":"type-product","3":"status-publish","4":"has-post-thumbnail","6":"product_cat-harjatuuluti","7":"product_tag-vilpe-airidge-felt-harjatuuletin","8":"product_tag-vilpe-airidge-felt-harjatuuluti","9":"product_tag-vilpe-airidge-felt--","11":"first","12":"onbackorder","13":"sale","14":"taxable","15":"shipping-taxable","16":"purchasable","17":"product-type-simple"},"aioseo_notices":[],"_links":{"self":[{"href":"https:\/\/bituumensindel24.ee\/fi\/wp-json\/wp\/v2\/product\/1495","targetHints":{"allow":["GET"]}}],"collection":[{"href":"https:\/\/bituumensindel24.ee\/fi\/wp-json\/wp\/v2\/product"}],"about":[{"href":"https:\/\/bituumensindel24.ee\/fi\/wp-json\/wp\/v2\/types\/product"}],"replies":[{"embeddable":true,"href":"https:\/\/bituumensindel24.ee\/fi\/wp-json\/wp\/v2\/comments?post=1495"}],"wp:featuredmedia":[{"embeddable":true,"href":"https:\/\/bituumensindel24.ee\/fi\/wp-json\/wp\/v2\/media\/1496"}],"wp:attachment":[{"href":"https:\/\/bituumensindel24.ee\/fi\/wp-json\/wp\/v2\/media?parent=1495"}],"wp:term":[{"taxonomy":"product_brand","embeddable":true,"href":"https:\/\/bituumensindel24.ee\/fi\/wp-json\/wp\/v2\/product_brand?post=1495"},{"taxonomy":"product_cat","embeddable":true,"href":"https:\/\/bituumensindel24.ee\/fi\/wp-json\/wp\/v2\/product_cat?post=1495"},{"taxonomy":"product_tag","embeddable":true,"href":"https:\/\/bituumensindel24.ee\/fi\/wp-json\/wp\/v2\/product_tag?post=1495"}],"curies":[{"name":"wp","href":"https:\/\/api.w.org\/{rel}","templated":true}]}}