{"id":1492,"date":"2023-07-12T09:33:15","date_gmt":"2023-07-12T06:33:15","guid":{"rendered":"https:\/\/bituumensindel24.ee\/?post_type=product&#038;p=1492"},"modified":"2023-12-27T17:56:47","modified_gmt":"2023-12-27T15:56:47","slug":"vilpe-solar-kaablilabiviigu-kumm","status":"publish","type":"product","link":"https:\/\/bituumensindel24.ee\/fi\/toode\/vilpe-solar-kaablilabiviigu-kumm\/","title":{"rendered":"Vilpe Solar Kaapelil\u00e4pivientikumi"},"content":{"rendered":"<p><\/p>\n<div class=\"woocommerce-product-details__short-description\">\n<p>K\u00e4ytt\u00f6kohteet: VILPE Solar -l\u00e4pivienteihin kiinnitett\u00e4v\u00e4 kumiosa, jonka avulla 4 \u2013 50 mm johdot ja kaapelit voidaan vied\u00e4 t\u00e4ysin vesitiiviisti katon l\u00e4pi. Kiinnitet\u00e4\u00e4n Solar-l\u00e4pivientiin mukana tulevalla s\u00e4\u00e4nkest\u00e4v\u00e4ll\u00e4 kiinnittimell\u00e4.<br \/>\nSis\u00e4lt\u00f6: Kaapelil\u00e4pivientikumi, kiinnitin.<\/p>\n<\/div>\n<div class=\"product_desc\">\n<div id=\"long_desc\" class=\"product_desc_content\" data-toggler=\".hidden\" data-hidden=\"0ft8iy-hidden\">\n<p>Solar-l\u00e4pivientiin on nyt saatavana erillinen Kaapelil\u00e4pivientikumi, jolla pienemm\u00e4tkin 4-50 mm johdot ja kaapelit voidaan vied\u00e4 t\u00e4ysin vesitiiviisti katon l\u00e4pi.<\/p>\n<p>Kaapelil\u00e4pivientikumissa on kaksi l\u00e4pivientiosaa, toinen halkaisijaltaan 4-50 mm ja toinen 30-50 mm, jonka p\u00e4\u00e4ss\u00e4 on on nelj\u00e4 \u00d8 4 mm kokoista aukkoa. L\u00e4pivientiosat leikataan sopiviksi tarvittavankokoisia kaapeleita, johtoja tai putkia varten.<\/p>\n<p>Kaapelil\u00e4pivientikumi on valmistettu kest\u00e4v\u00e4st\u00e4 ja joustavasta teknisest\u00e4 kumimateriaalista. Kaapelil\u00e4pivientikumi kiinnitet\u00e4\u00e4n Solar-l\u00e4pivientiin mukana seuraavalla s\u00e4\u00e4nkest\u00e4v\u00e4ll\u00e4 kiinnittimell\u00e4.<\/p>\n<p>Vakiov\u00e4ri musta.<\/p>\n<\/div>\n<\/div>\n<p><\/p>","protected":false},"excerpt":{"rendered":"<p>K\u00e4ytt\u00f6kohteet: VILPE Solar -l\u00e4pivienteihin kiinnitett\u00e4v\u00e4 kumiosa, jonka avulla 4 \u2013 50 mm johdot ja kaapelit voidaan vied\u00e4 t\u00e4ysin vesitiiviisti katon l\u00e4pi. Kiinnitet\u00e4\u00e4n Solar-l\u00e4pivientiin mukana tulevalla s\u00e4\u00e4nkest\u00e4v\u00e4ll\u00e4 kiinnittimell\u00e4.<br \/>\nSis\u00e4lt\u00f6: Kaapelil\u00e4pivientikumi, kiinnitin.<\/p>\n","protected":false},"featured_media":1494,"comment_status":"closed","ping_status":"closed","template":"","meta":[],"product_brand":[],"product_cat":[58,406],"product_tag":[410,412,411],"class_list":{"0":"post-1492","1":"product","2":"type-product","3":"status-publish","4":"has-post-thumbnail","6":"product_cat-bituumenkatuse-labiviigud","7":"product_cat-solar-labiviik","8":"product_tag-vilpe-solar-kaablilabiviigu-kumm","9":"product_tag-vilpe-solar-kaapelilapivientikumi","10":"product_tag-vilpe-solar--4-50-","12":"first","13":"onbackorder","14":"sale","15":"taxable","16":"shipping-taxable","17":"purchasable","18":"product-type-simple"},"aioseo_notices":[],"_links":{"self":[{"href":"https:\/\/bituumensindel24.ee\/fi\/wp-json\/wp\/v2\/product\/1492","targetHints":{"allow":["GET"]}}],"collection":[{"href":"https:\/\/bituumensindel24.ee\/fi\/wp-json\/wp\/v2\/product"}],"about":[{"href":"https:\/\/bituumensindel24.ee\/fi\/wp-json\/wp\/v2\/types\/product"}],"replies":[{"embeddable":true,"href":"https:\/\/bituumensindel24.ee\/fi\/wp-json\/wp\/v2\/comments?post=1492"}],"wp:featuredmedia":[{"embeddable":true,"href":"https:\/\/bituumensindel24.ee\/fi\/wp-json\/wp\/v2\/media\/1494"}],"wp:attachment":[{"href":"https:\/\/bituumensindel24.ee\/fi\/wp-json\/wp\/v2\/media?parent=1492"}],"wp:term":[{"taxonomy":"product_brand","embeddable":true,"href":"https:\/\/bituumensindel24.ee\/fi\/wp-json\/wp\/v2\/product_brand?post=1492"},{"taxonomy":"product_cat","embeddable":true,"href":"https:\/\/bituumensindel24.ee\/fi\/wp-json\/wp\/v2\/product_cat?post=1492"},{"taxonomy":"product_tag","embeddable":true,"href":"https:\/\/bituumensindel24.ee\/fi\/wp-json\/wp\/v2\/product_tag?post=1492"}],"curies":[{"name":"wp","href":"https:\/\/api.w.org\/{rel}","templated":true}]}}