{"id":1490,"date":"2023-07-12T09:20:41","date_gmt":"2023-07-12T06:20:41","guid":{"rendered":"https:\/\/bituumensindel24.ee\/?post_type=product&#038;p=1490"},"modified":"2023-12-27T17:56:47","modified_gmt":"2023-12-27T15:56:47","slug":"vilpe-solar-bituumeni-korge-labiviik-must-2","status":"publish","type":"product","link":"https:\/\/bituumensindel24.ee\/fi\/toode\/vilpe-solar-bituumeni-korge-labiviik-must-2\/","title":{"rendered":"Vilpe Solar Huopa Korkea-L\u00e4pivienti Musta"},"content":{"rendered":"<p><\/p>\n<div class=\"woocommerce-product-details__short-description\">\n<p>K\u00e4ytt\u00f6kohteet: Huopakatteet, kun kattokaltevuus on v\u00e4hemm\u00e4n kuin 1:5 (11,5 astetta). Asennus kahden huopakerroksen v\u00e4liin. Kaapeleiden l\u00e4pivientiin tarvitset erikseen myyt\u00e4v\u00e4n kaapelil\u00e4pivientikumin (tuotenro 75701).<br \/>\nMitat: Padotuskorkeus 200 mm.<br \/>\nSis\u00e4lt\u00f6: L\u00e4pivienti, kaulus, kansi, kutistesukka, ruuvit, asennusohje.<\/p>\n<\/div>\n<div class=\"product_desc\">\n<div id=\"long_desc\" class=\"product_desc_content\" data-toggler=\".hidden\" data-hidden=\"r1l6vf-hidden\">\n<p>Solar-l\u00e4pivienti on tarkoitettu aurinkoker\u00e4inten meno- ja paluuputkien, kaapeleiden ja muiden pienempien putkien l\u00e4pivientiin katolle. Solar-l\u00e4pivientivalikoimasta l\u00f6ytyy oma l\u00e4pivientiratkaisu kaikille katemateriaaleille. Tavallisesta l\u00e4piviennist\u00e4 poiketen, l\u00e4pivientiin on valmiiksi ruuvattu kiinni liitosrengas. Solar-l\u00e4pivientiin kuuluu kattol\u00e4piviennin lis\u00e4ksi kaulus, kansi, kutistesukka sek\u00e4 tuotteen kiinnitykseen tarvittavat ruuvit.<\/p>\n<p>Solar-l\u00e4piviennin kansi on irrotettava, mik\u00e4 mahdollistaa helpon p\u00e4\u00e4syn putkiston huoltotoimenpiteisiin. Kaulus kansineen voidaan my\u00f6s k\u00e4\u00e4nt\u00e4\u00e4 sivuttain 90 astetta molempiin suuntiin putkiston tarvitseman kulkusuunnan mukaisesti. Solar-l\u00e4piviennin kauluksen etuosan aukon koko putkistolle on 100 mm x 60 mm.<\/p>\n<p>L\u00e4piviennin laipan leveys on 150 mm ja padotuskorkeus 200 mm. Korkeaa huopal\u00e4pivienti\u00e4 suositellaan k\u00e4ytett\u00e4v\u00e4n sellaisilla loivilla katoilla, joiden kaltevuus on v\u00e4hemm\u00e4n kuin 1:5.<\/p>\n<\/div>\n<\/div>\n<p><\/p>","protected":false},"excerpt":{"rendered":"<p>Mitat: Padotuskorkeus 200 mm.<br \/>\nSis\u00e4lt\u00f6: L\u00e4pivienti, kaulus, kansi, kutistesukka, ruuvit, asennusohje.<\/p>\n","protected":false},"featured_media":1491,"comment_status":"closed","ping_status":"closed","template":"","meta":[],"product_brand":[],"product_cat":[58,406],"product_tag":[407,409,408],"class_list":{"0":"post-1490","1":"product","2":"type-product","3":"status-publish","4":"has-post-thumbnail","6":"product_cat-bituumenkatuse-labiviigud","7":"product_cat-solar-labiviik","8":"product_tag-vilpe-solar-bituumeni-korge-labiviik","9":"product_tag-vilpe-solar-huopa-korkea-lapivienti","10":"product_tag-vilpe-solar-huopa---","12":"first","13":"onbackorder","14":"sale","15":"taxable","16":"shipping-taxable","17":"purchasable","18":"product-type-simple"},"aioseo_notices":[],"_links":{"self":[{"href":"https:\/\/bituumensindel24.ee\/fi\/wp-json\/wp\/v2\/product\/1490","targetHints":{"allow":["GET"]}}],"collection":[{"href":"https:\/\/bituumensindel24.ee\/fi\/wp-json\/wp\/v2\/product"}],"about":[{"href":"https:\/\/bituumensindel24.ee\/fi\/wp-json\/wp\/v2\/types\/product"}],"replies":[{"embeddable":true,"href":"https:\/\/bituumensindel24.ee\/fi\/wp-json\/wp\/v2\/comments?post=1490"}],"wp:featuredmedia":[{"embeddable":true,"href":"https:\/\/bituumensindel24.ee\/fi\/wp-json\/wp\/v2\/media\/1491"}],"wp:attachment":[{"href":"https:\/\/bituumensindel24.ee\/fi\/wp-json\/wp\/v2\/media?parent=1490"}],"wp:term":[{"taxonomy":"product_brand","embeddable":true,"href":"https:\/\/bituumensindel24.ee\/fi\/wp-json\/wp\/v2\/product_brand?post=1490"},{"taxonomy":"product_cat","embeddable":true,"href":"https:\/\/bituumensindel24.ee\/fi\/wp-json\/wp\/v2\/product_cat?post=1490"},{"taxonomy":"product_tag","embeddable":true,"href":"https:\/\/bituumensindel24.ee\/fi\/wp-json\/wp\/v2\/product_tag?post=1490"}],"curies":[{"name":"wp","href":"https:\/\/api.w.org\/{rel}","templated":true}]}}