{"id":1487,"date":"2023-07-11T15:22:15","date_gmt":"2023-07-11T12:22:15","guid":{"rendered":"https:\/\/bituumensindel24.ee\/?post_type=product&#038;p=1487"},"modified":"2024-05-22T15:27:12","modified_gmt":"2024-05-22T12:27:12","slug":"vilple-alipai-flow-o160-lame-kaldkatusele-must","status":"publish","type":"product","link":"https:\/\/bituumensindel24.ee\/fi\/toode\/vilple-alipai-flow-o160-lame-kaldkatusele-must\/","title":{"rendered":"Vilpe Alipai Loiva\/Kalteva Flow \u00d8160 Musta"},"content":{"rendered":"<p>K\u00e4ytt\u00f6kohteet: Kattorakenteiden alipainetuuletukseen loivalle ja kaltevalle huopakatolle (0 \u2013 20 -asteiselle).<\/p>\n<p>Mitat: Korkeus 668 mm, padotuskorkeus 200 mm, halkaisija 160 mm.<br \/>\nSis\u00e4lt\u00f6: Huopa Korkea -l\u00e4pivienti, putki ja hattu, ruuvit.<\/p>","protected":false},"excerpt":{"rendered":"<p>Mitat: Korkeus 668 mm, padotuskorkeus 200 mm, halkaisija 160 mm.<br \/>\nSis\u00e4lt\u00f6: Huopa Korkea -l\u00e4pivienti, putki ja hattu, ruuvit.<\/p>\n","protected":false},"featured_media":1488,"comment_status":"closed","ping_status":"closed","template":"","meta":[],"product_brand":[],"product_cat":[405],"product_tag":[402,403,404],"class_list":{"0":"post-1487","1":"product","2":"type-product","3":"status-publish","4":"has-post-thumbnail","6":"product_cat-alarohutuulutid","7":"product_tag-vilple-alipai-flow-lame-kaldkatusele","8":"product_tag-vilple-alipai-flow--","9":"product_tag-vilple-alipai-loiva-kalteva-flow","11":"first","12":"onbackorder","13":"sale","14":"taxable","15":"shipping-taxable","16":"purchasable","17":"product-type-simple"},"aioseo_notices":[],"_links":{"self":[{"href":"https:\/\/bituumensindel24.ee\/fi\/wp-json\/wp\/v2\/product\/1487","targetHints":{"allow":["GET"]}}],"collection":[{"href":"https:\/\/bituumensindel24.ee\/fi\/wp-json\/wp\/v2\/product"}],"about":[{"href":"https:\/\/bituumensindel24.ee\/fi\/wp-json\/wp\/v2\/types\/product"}],"replies":[{"embeddable":true,"href":"https:\/\/bituumensindel24.ee\/fi\/wp-json\/wp\/v2\/comments?post=1487"}],"wp:featuredmedia":[{"embeddable":true,"href":"https:\/\/bituumensindel24.ee\/fi\/wp-json\/wp\/v2\/media\/1488"}],"wp:attachment":[{"href":"https:\/\/bituumensindel24.ee\/fi\/wp-json\/wp\/v2\/media?parent=1487"}],"wp:term":[{"taxonomy":"product_brand","embeddable":true,"href":"https:\/\/bituumensindel24.ee\/fi\/wp-json\/wp\/v2\/product_brand?post=1487"},{"taxonomy":"product_cat","embeddable":true,"href":"https:\/\/bituumensindel24.ee\/fi\/wp-json\/wp\/v2\/product_cat?post=1487"},{"taxonomy":"product_tag","embeddable":true,"href":"https:\/\/bituumensindel24.ee\/fi\/wp-json\/wp\/v2\/product_tag?post=1487"}],"curies":[{"name":"wp","href":"https:\/\/api.w.org\/{rel}","templated":true}]}}