{"id":1483,"date":"2023-07-11T14:42:28","date_gmt":"2023-07-11T11:42:28","guid":{"rendered":"https:\/\/bituumensindel24.ee\/?post_type=product&#038;p=1483"},"modified":"2024-05-22T15:27:12","modified_gmt":"2024-05-22T12:27:12","slug":"vilpe-alipai-flow-harjale-14-must","status":"publish","type":"product","link":"https:\/\/bituumensindel24.ee\/fi\/toode\/vilpe-alipai-flow-harjale-14-must\/","title":{"rendered":"Vilpe Alipai Harja Flow \u00d8110 14 Musta"},"content":{"rendered":"<p>K\u00e4ytt\u00f6kohteet: Kattorakenteiden alipainetuuletukseen 14-asteisen huopakaton harjalle.<br \/>\nMitat: Korkeus 477 mm.<br \/>\nSis\u00e4lt\u00f6: Alipainetuuletin, hattu.<\/p>","protected":false},"excerpt":{"rendered":"<p>Mitat: Korkeus 477 mm, Halkaisija 110 mm.<br \/>\nSis\u00e4lt\u00f6: Alipainetuuletin, hattu.<\/p>\n","protected":false},"featured_media":1482,"comment_status":"closed","ping_status":"closed","template":"","meta":[],"product_brand":[],"product_cat":[405],"product_tag":[400,399,401],"class_list":{"0":"post-1483","1":"product","2":"type-product","3":"status-publish","4":"has-post-thumbnail","6":"product_cat-alarohutuulutid","7":"product_tag-vilpe-alipai-flow-14-","8":"product_tag-vilpe-alipai-flow-harjale-14","9":"product_tag-vilpe-alipai-harja-flow-14","11":"first","12":"onbackorder","13":"sale","14":"taxable","15":"shipping-taxable","16":"purchasable","17":"product-type-simple"},"aioseo_notices":[],"_links":{"self":[{"href":"https:\/\/bituumensindel24.ee\/fi\/wp-json\/wp\/v2\/product\/1483","targetHints":{"allow":["GET"]}}],"collection":[{"href":"https:\/\/bituumensindel24.ee\/fi\/wp-json\/wp\/v2\/product"}],"about":[{"href":"https:\/\/bituumensindel24.ee\/fi\/wp-json\/wp\/v2\/types\/product"}],"replies":[{"embeddable":true,"href":"https:\/\/bituumensindel24.ee\/fi\/wp-json\/wp\/v2\/comments?post=1483"}],"wp:featuredmedia":[{"embeddable":true,"href":"https:\/\/bituumensindel24.ee\/fi\/wp-json\/wp\/v2\/media\/1482"}],"wp:attachment":[{"href":"https:\/\/bituumensindel24.ee\/fi\/wp-json\/wp\/v2\/media?parent=1483"}],"wp:term":[{"taxonomy":"product_brand","embeddable":true,"href":"https:\/\/bituumensindel24.ee\/fi\/wp-json\/wp\/v2\/product_brand?post=1483"},{"taxonomy":"product_cat","embeddable":true,"href":"https:\/\/bituumensindel24.ee\/fi\/wp-json\/wp\/v2\/product_cat?post=1483"},{"taxonomy":"product_tag","embeddable":true,"href":"https:\/\/bituumensindel24.ee\/fi\/wp-json\/wp\/v2\/product_tag?post=1483"}],"curies":[{"name":"wp","href":"https:\/\/api.w.org\/{rel}","templated":true}]}}