{"id":1481,"date":"2023-07-11T14:34:03","date_gmt":"2023-07-11T11:34:03","guid":{"rendered":"https:\/\/bituumensindel24.ee\/?post_type=product&#038;p=1481"},"modified":"2024-11-10T16:58:48","modified_gmt":"2024-11-10T14:58:48","slug":"vilpe-alipai-flow-harjale-14-must-kokku-pandud","status":"publish","type":"product","link":"https:\/\/bituumensindel24.ee\/fi\/toode\/vilpe-alipai-flow-harjale-14-must-kokku-pandud\/","title":{"rendered":"Vilpe Alipai Harja Flow \u00d8110 14 Musta Koottu"},"content":{"rendered":"<p>Alipai-alipainetuulettimet tuulettavat kattorakenteita ja varmistavat, ett\u00e4 kosteus poistuu rakenteista tehokkaasti. Alipainetuulettimen toiminta perustuu ilmavirtausten eli tuulen synnytt\u00e4m\u00e4\u00e4n ilmanpaine-eroon. Sen ainutlaatuinen rakenne synnytt\u00e4\u00e4 lis\u00e4vetoa tuuletusputkeen, mik\u00e4 lis\u00e4\u00e4 virtauksen tehoa.<\/p>\n<p>Alipai seisoo tukevan, uritetun ja leve\u00e4n laipan varassa. Patentoitu laipan muoto ja uudentyyppinen uritus laipan molemmin puolin takaavat parhaan mahdollisen tartunnan bitumikermikatteeseen.<\/p>\n<p>K\u00e4ytt\u00f6kohteet: Kattorakenteiden alipainetuuletukseen 14-asteisen huopakaton harjalle.<\/p>","protected":false},"excerpt":{"rendered":"<p>Mitat: Korkeus 477 mm, Halkaisija 110 mm.<br \/>\nSis\u00e4lt\u00f6: Alipainetuuletin, hattu.<\/p>\n","protected":false},"featured_media":1482,"comment_status":"closed","ping_status":"closed","template":"","meta":[],"product_brand":[],"product_cat":[405],"product_tag":[397,396,398],"class_list":{"0":"post-1481","1":"product","2":"type-product","3":"status-publish","4":"has-post-thumbnail","6":"product_cat-alarohutuulutid","7":"product_tag-vilpe-alipai-flow-14--","8":"product_tag-vilpe-alipai-flow-harjale-14-kokku-pandud","9":"product_tag-vilpe-alipai-harja-flow-14-koottu","11":"first","12":"onbackorder","13":"sale","14":"taxable","15":"shipping-taxable","16":"purchasable","17":"product-type-simple"},"aioseo_notices":[],"_links":{"self":[{"href":"https:\/\/bituumensindel24.ee\/fi\/wp-json\/wp\/v2\/product\/1481","targetHints":{"allow":["GET"]}}],"collection":[{"href":"https:\/\/bituumensindel24.ee\/fi\/wp-json\/wp\/v2\/product"}],"about":[{"href":"https:\/\/bituumensindel24.ee\/fi\/wp-json\/wp\/v2\/types\/product"}],"replies":[{"embeddable":true,"href":"https:\/\/bituumensindel24.ee\/fi\/wp-json\/wp\/v2\/comments?post=1481"}],"wp:featuredmedia":[{"embeddable":true,"href":"https:\/\/bituumensindel24.ee\/fi\/wp-json\/wp\/v2\/media\/1482"}],"wp:attachment":[{"href":"https:\/\/bituumensindel24.ee\/fi\/wp-json\/wp\/v2\/media?parent=1481"}],"wp:term":[{"taxonomy":"product_brand","embeddable":true,"href":"https:\/\/bituumensindel24.ee\/fi\/wp-json\/wp\/v2\/product_brand?post=1481"},{"taxonomy":"product_cat","embeddable":true,"href":"https:\/\/bituumensindel24.ee\/fi\/wp-json\/wp\/v2\/product_cat?post=1481"},{"taxonomy":"product_tag","embeddable":true,"href":"https:\/\/bituumensindel24.ee\/fi\/wp-json\/wp\/v2\/product_tag?post=1481"}],"curies":[{"name":"wp","href":"https:\/\/api.w.org\/{rel}","templated":true}]}}