{"id":1477,"date":"2023-07-11T13:50:42","date_gmt":"2023-07-11T10:50:42","guid":{"rendered":"https:\/\/bituumensindel24.ee\/?post_type=product&#038;p=1477"},"modified":"2024-05-22T15:27:12","modified_gmt":"2024-05-22T12:27:12","slug":"vilpe-alipai-flow-harjale-27-must-kokku-pandud","status":"publish","type":"product","link":"https:\/\/bituumensindel24.ee\/fi\/toode\/vilpe-alipai-flow-harjale-27-must-kokku-pandud\/","title":{"rendered":"Vilpe Alipai Harja Flow \u00d8110 27 Musta Koottu"},"content":{"rendered":"<p><\/p>\n<div class=\"woocommerce-product-details__short-description\">\n<p>K\u00e4ytt\u00f6kohteet: Kattorakenteiden alipainetuuletukseen 27-asteisen huopakaton harjalle.<br \/>\nMitat: Korkeus 477\/396 mm.<br \/>\nSis\u00e4lt\u00f6: Alipainetuuletin, hattu.<\/p>\n<\/div>\n<div class=\"product_desc\">\n<div id=\"long_desc\" class=\"product_desc_content\" data-toggler=\".hidden\" data-hidden=\"ad1uv3-hidden\">\n<p>Alipai-alipainetuulettimet tuulettavat kattorakenteita ja varmistavat, ett\u00e4 kosteus poistuu rakenteista tehokkaasti. Alipainetuulettimen toiminta perustuu ilmavirtausten eli tuulen synnytt\u00e4m\u00e4\u00e4n ilmanpaine-eroon. Sen ainutlaatuinen rakenne synnytt\u00e4\u00e4 lis\u00e4vetoa tuuletusputkeen, mik\u00e4 lis\u00e4\u00e4 virtauksen tehoa.<\/p>\n<p>Alipai seisoo tukevan, uritetun ja leve\u00e4n laipan varassa. Patentoitu laipan muoto ja uudentyyppinen uritus laipan molemmin puolin takaavat parhaan mahdollisen tartunnan bitumikermikatteeseen.<\/p>\n<\/div>\n<\/div>\n<p><\/p>","protected":false},"excerpt":{"rendered":"<p>Mitat: Korkeus 477 mm, Halkaisija 110 mm.<br \/>\nSis\u00e4lt\u00f6: Alipainetuuletin, hattu.<\/p>\n","protected":false},"featured_media":1478,"comment_status":"closed","ping_status":"closed","template":"","meta":[],"product_brand":[],"product_cat":[405],"product_tag":[394,393,395],"class_list":{"0":"post-1477","1":"product","2":"type-product","3":"status-publish","4":"has-post-thumbnail","6":"product_cat-alarohutuulutid","7":"product_tag-vilpe-alipai-flow-27-","8":"product_tag-vilpe-alipai-flow-harjale-27","9":"product_tag-vilpe-alipai-harja-flow-27","11":"first","12":"onbackorder","13":"sale","14":"taxable","15":"shipping-taxable","16":"purchasable","17":"product-type-simple"},"aioseo_notices":[],"_links":{"self":[{"href":"https:\/\/bituumensindel24.ee\/fi\/wp-json\/wp\/v2\/product\/1477","targetHints":{"allow":["GET"]}}],"collection":[{"href":"https:\/\/bituumensindel24.ee\/fi\/wp-json\/wp\/v2\/product"}],"about":[{"href":"https:\/\/bituumensindel24.ee\/fi\/wp-json\/wp\/v2\/types\/product"}],"replies":[{"embeddable":true,"href":"https:\/\/bituumensindel24.ee\/fi\/wp-json\/wp\/v2\/comments?post=1477"}],"wp:featuredmedia":[{"embeddable":true,"href":"https:\/\/bituumensindel24.ee\/fi\/wp-json\/wp\/v2\/media\/1478"}],"wp:attachment":[{"href":"https:\/\/bituumensindel24.ee\/fi\/wp-json\/wp\/v2\/media?parent=1477"}],"wp:term":[{"taxonomy":"product_brand","embeddable":true,"href":"https:\/\/bituumensindel24.ee\/fi\/wp-json\/wp\/v2\/product_brand?post=1477"},{"taxonomy":"product_cat","embeddable":true,"href":"https:\/\/bituumensindel24.ee\/fi\/wp-json\/wp\/v2\/product_cat?post=1477"},{"taxonomy":"product_tag","embeddable":true,"href":"https:\/\/bituumensindel24.ee\/fi\/wp-json\/wp\/v2\/product_tag?post=1477"}],"curies":[{"name":"wp","href":"https:\/\/api.w.org\/{rel}","templated":true}]}}