{"id":1476,"date":"2023-07-11T13:24:25","date_gmt":"2023-07-11T10:24:25","guid":{"rendered":"https:\/\/bituumensindel24.ee\/?post_type=product&#038;p=1476"},"modified":"2024-05-22T15:27:12","modified_gmt":"2024-05-22T12:27:12","slug":"vilpe-alipai-flow-160-must","status":"publish","type":"product","link":"https:\/\/bituumensindel24.ee\/fi\/toode\/vilpe-alipai-flow-160-must\/","title":{"rendered":"Vilpe Alipai Flow 160 Musta"},"content":{"rendered":"<p>Kattorakenteiden alipainetuuletukseen loivalle huopakatolle. Kiinnitet\u00e4\u00e4n kuumabitumilla kahden huopakerroksen v\u00e4liin.<\/p>","protected":false},"excerpt":{"rendered":"<p>Mitat: Putken \u00d8 160 mm. Korkeus 509 mm. Laipan leveys 150 mm.<br \/>\nSis\u00e4lt\u00f6: Alipainetuuletin, AP-hattu.<\/p>\n","protected":false},"featured_media":1475,"comment_status":"closed","ping_status":"closed","template":"","meta":[],"product_brand":[],"product_cat":[405],"product_tag":[392],"class_list":{"0":"post-1476","1":"product","2":"type-product","3":"status-publish","4":"has-post-thumbnail","6":"product_cat-alarohutuulutid","7":"product_tag-vilpe-alipai-flow-160","9":"first","10":"onbackorder","11":"sale","12":"taxable","13":"shipping-taxable","14":"purchasable","15":"product-type-simple"},"aioseo_notices":[],"_links":{"self":[{"href":"https:\/\/bituumensindel24.ee\/fi\/wp-json\/wp\/v2\/product\/1476","targetHints":{"allow":["GET"]}}],"collection":[{"href":"https:\/\/bituumensindel24.ee\/fi\/wp-json\/wp\/v2\/product"}],"about":[{"href":"https:\/\/bituumensindel24.ee\/fi\/wp-json\/wp\/v2\/types\/product"}],"replies":[{"embeddable":true,"href":"https:\/\/bituumensindel24.ee\/fi\/wp-json\/wp\/v2\/comments?post=1476"}],"wp:featuredmedia":[{"embeddable":true,"href":"https:\/\/bituumensindel24.ee\/fi\/wp-json\/wp\/v2\/media\/1475"}],"wp:attachment":[{"href":"https:\/\/bituumensindel24.ee\/fi\/wp-json\/wp\/v2\/media?parent=1476"}],"wp:term":[{"taxonomy":"product_brand","embeddable":true,"href":"https:\/\/bituumensindel24.ee\/fi\/wp-json\/wp\/v2\/product_brand?post=1476"},{"taxonomy":"product_cat","embeddable":true,"href":"https:\/\/bituumensindel24.ee\/fi\/wp-json\/wp\/v2\/product_cat?post=1476"},{"taxonomy":"product_tag","embeddable":true,"href":"https:\/\/bituumensindel24.ee\/fi\/wp-json\/wp\/v2\/product_tag?post=1476"}],"curies":[{"name":"wp","href":"https:\/\/api.w.org\/{rel}","templated":true}]}}