{"id":1431,"date":"2023-07-04T12:00:30","date_gmt":"2023-07-04T09:00:30","guid":{"rendered":"https:\/\/bituumensindel24.ee\/?post_type=product&#038;p=1431"},"modified":"2024-04-14T10:02:53","modified_gmt":"2024-04-14T07:02:53","slug":"k-36-vuugiliim-0-3l","status":"publish","type":"product","link":"https:\/\/bituumensindel24.ee\/fi\/toode\/k-36-vuugiliim-0-3l\/","title":{"rendered":"K-36 Tiivistysliima 0.3l"},"content":{"rendered":"<p>K-36 Tiivistysliima<br \/>\nKumibitumipohjainen tiivistysliima bitumituotteiden saumojen, yl\u00f6snostojen ja yksityiskohtien liimaamiseen. Voidaan k\u00e4ytt\u00e4\u00e4 my\u00f6s l\u00e4pivientien tiivistykseen. Vain ulkok\u00e4ytt\u00f6\u00f6n.<\/p>\n<p>K\u00e4ytt\u00f6ohje:<br \/>\nS\u00e4ilytys huoneenl\u00e4mp\u00f6tilassa v\u00e4hint\u00e4\u00e4n 1 vrk ennen k\u00e4ytt\u00f6\u00e4. Puhdista pinnat irtonaisesta aineesta, liasta ja rasvasta. Huokoiset ja p\u00f6lyiset pinnat sivell\u00e4\u00e4n ensin bitumiliuoksella K-80. Levit\u00e4 liimaa noin 1 mm paksu kerros (esim. 4&#215;4 mm kampalastalla, 45 asteen kulmassa). Paina pinnat huolellisesti yhteen ilmasulkeumien v\u00e4ltt\u00e4miseksi ja paina lujasti kiinni, kunnes liima pursuaa saumasta. Tasoita lopuksi purseet lastalla. Tarttuu hyvin my\u00f6s kosteahkolle pinnalle.<\/p>\n<p>Ty\u00f6skentelyl\u00e4mp\u00f6tila liimauksissa +5\u2026+50 \u00b0C. Menekki liimauksessa n. 1 l\/m\u00b2. Liiman ollessa m\u00e4rk\u00e4\u00e4, liimattua kohtaa ei saa peitt\u00e4\u00e4 eik\u00e4 laittaa painon alle. Tahrat ja ty\u00f6v\u00e4lineet puhdistetaan mekaanisesti ja lakkabensiinill\u00e4 tai mineraalit\u00e4rp\u00e4till\u00e4.<\/p>\n<p>Ominaisuudet:<br \/>\nMusta, valumaton ja s\u00e4\u00e4nkest\u00e4v\u00e4 massa. L\u00e4mm\u00f6nkesto +100 \u00b0C, muttei valu korkeammissakaan l\u00e4mp\u00f6tiloissa. P\u00f6lykuiva +20 \u00b0C:ssa n. 5 tunnissa. Kovettumisaika 1\u201314 vrk kerrospaksuudesta riippuen.<\/p>\n<p>Varastointi:<br \/>\nKuivassa paikassa suojassa auringolta ja kuumuudelta.<\/p>\n<p>Ymp\u00e4rist\u00f6nsuojeluohje:<br \/>\nTyhj\u00e4 pakkaus ja kuivunut tuote on kaatopaikkakelpoista. Kuivumaton tuote on ongelmaj\u00e4tett\u00e4. H\u00e4vitett\u00e4v\u00e4 j\u00e4telains\u00e4\u00e4d\u00e4nn\u00f6n ja ymp\u00e4rist\u00f6viranomaisten ohjeiden mukaisesti.<\/p>","protected":false},"excerpt":{"rendered":"<p>Menekki noin 100 m\u00b2 katolle on 5\u201310 litraa.<\/p>\n","protected":false},"featured_media":1432,"comment_status":"closed","ping_status":"closed","template":"","meta":[],"product_brand":[],"product_cat":[559,52],"product_tag":[376,373,374,375],"class_list":{"0":"post-1431","1":"product","2":"type-product","3":"status-publish","4":"has-post-thumbnail","6":"product_cat-katuseliim","7":"product_cat-aluskate-ja-vuugiliimid","8":"product_tag-376","9":"product_tag-k-36-tiivistysliima-0-3l","10":"product_tag-k-36-vuugiliim-0-3l","11":"product_tag--36---0","13":"first","14":"instock","15":"sale","16":"taxable","17":"shipping-taxable","18":"purchasable","19":"product-type-simple"},"aioseo_notices":[],"_links":{"self":[{"href":"https:\/\/bituumensindel24.ee\/fi\/wp-json\/wp\/v2\/product\/1431","targetHints":{"allow":["GET"]}}],"collection":[{"href":"https:\/\/bituumensindel24.ee\/fi\/wp-json\/wp\/v2\/product"}],"about":[{"href":"https:\/\/bituumensindel24.ee\/fi\/wp-json\/wp\/v2\/types\/product"}],"replies":[{"embeddable":true,"href":"https:\/\/bituumensindel24.ee\/fi\/wp-json\/wp\/v2\/comments?post=1431"}],"wp:featuredmedia":[{"embeddable":true,"href":"https:\/\/bituumensindel24.ee\/fi\/wp-json\/wp\/v2\/media\/1432"}],"wp:attachment":[{"href":"https:\/\/bituumensindel24.ee\/fi\/wp-json\/wp\/v2\/media?parent=1431"}],"wp:term":[{"taxonomy":"product_brand","embeddable":true,"href":"https:\/\/bituumensindel24.ee\/fi\/wp-json\/wp\/v2\/product_brand?post=1431"},{"taxonomy":"product_cat","embeddable":true,"href":"https:\/\/bituumensindel24.ee\/fi\/wp-json\/wp\/v2\/product_cat?post=1431"},{"taxonomy":"product_tag","embeddable":true,"href":"https:\/\/bituumensindel24.ee\/fi\/wp-json\/wp\/v2\/product_tag?post=1431"}],"curies":[{"name":"wp","href":"https:\/\/api.w.org\/{rel}","templated":true}]}}