{"id":1412,"date":"2023-06-09T14:55:54","date_gmt":"2023-06-09T11:55:54","guid":{"rendered":"https:\/\/bituumensindel24.ee\/?post_type=product&#038;p=1412"},"modified":"2024-03-22T17:32:41","modified_gmt":"2024-03-22T15:32:41","slug":"katepal-sbs-k-ps-170-5000-antiroot","status":"publish","type":"product","link":"https:\/\/bituumensindel24.ee\/fi\/toode\/katepal-sbs-k-ps-170-5000-antiroot\/","title":{"rendered":"Katepal Juurisuojakermi Antiroot"},"content":{"rendered":"<p>Katepal Antiroot TL2 on viherkattojen juurisuojaukseen tarkoitettu hitsattava pintasirotteellinen kermi. Antiroot t\u00e4ytt\u00e4\u00e4 Kattoliiton TL2-tuoteluokan mukaiset vaatimukset. Tuotteen alapinnassa on kauttaaltaan hitsobitumi, jonka p\u00e4\u00e4ll\u00e4 ohut poishitsattava muovikalvo.<\/p>\n<p>Sopivuus<\/p>\n<p>K\u00e4ytt\u00f6kohde: Viherkatoille, Ammattituote<br \/>\nAsennustapa: Tulity\u00f6, Hitsaus<br \/>\nMinimikaltevuus: 1:80<\/p>","protected":false},"excerpt":{"rendered":"<p>Pituus: 8m<br \/>\nLeveys: 1m<br \/>\nHy\u00f6tyneli\u00f6t: 7.2 m2<br \/>\nKpl \/ lava: 25 kpl<br \/>\nTuoteluokka: TL2<br \/>\nMateriaali: Kumibitumi<br \/>\nYl\u00e4pinta: Liuskekivisirote<br \/>\nAlapinta: Hitsausbitumi<br \/>\nPalotekninen luokitus: Broof(t2)<br \/>\nPaino: 40 kg\/rulla<br \/>\nLava koko: 25 kpl<\/p>\n","protected":false},"featured_media":1413,"comment_status":"closed","ping_status":"closed","template":"","meta":[],"product_brand":[],"product_cat":[561,55],"product_tag":[362,363,364],"class_list":{"0":"post-1412","1":"product","2":"type-product","3":"status-publish","4":"has-post-thumbnail","6":"product_cat-katepal-sbs","7":"product_cat-lamekatuse-rullmaterjal","8":"product_tag-katepal-juurisuojakermi-antiroot","9":"product_tag-katepal-sbs-k-ps-170-5000","10":"product_tag--sbs-k-ps-170-5000-antiroot","12":"first","13":"onbackorder","14":"taxable","15":"shipping-taxable","16":"purchasable","17":"product-type-simple"},"aioseo_notices":[],"_links":{"self":[{"href":"https:\/\/bituumensindel24.ee\/fi\/wp-json\/wp\/v2\/product\/1412","targetHints":{"allow":["GET"]}}],"collection":[{"href":"https:\/\/bituumensindel24.ee\/fi\/wp-json\/wp\/v2\/product"}],"about":[{"href":"https:\/\/bituumensindel24.ee\/fi\/wp-json\/wp\/v2\/types\/product"}],"replies":[{"embeddable":true,"href":"https:\/\/bituumensindel24.ee\/fi\/wp-json\/wp\/v2\/comments?post=1412"}],"wp:featuredmedia":[{"embeddable":true,"href":"https:\/\/bituumensindel24.ee\/fi\/wp-json\/wp\/v2\/media\/1413"}],"wp:attachment":[{"href":"https:\/\/bituumensindel24.ee\/fi\/wp-json\/wp\/v2\/media?parent=1412"}],"wp:term":[{"taxonomy":"product_brand","embeddable":true,"href":"https:\/\/bituumensindel24.ee\/fi\/wp-json\/wp\/v2\/product_brand?post=1412"},{"taxonomy":"product_cat","embeddable":true,"href":"https:\/\/bituumensindel24.ee\/fi\/wp-json\/wp\/v2\/product_cat?post=1412"},{"taxonomy":"product_tag","embeddable":true,"href":"https:\/\/bituumensindel24.ee\/fi\/wp-json\/wp\/v2\/product_tag?post=1412"}],"curies":[{"name":"wp","href":"https:\/\/api.w.org\/{rel}","templated":true}]}}