{"id":1408,"date":"2023-06-09T14:18:10","date_gmt":"2023-06-09T11:18:10","guid":{"rendered":"https:\/\/bituumensindel24.ee\/?post_type=product&#038;p=1408"},"modified":"2025-07-04T17:09:59","modified_gmt":"2025-07-04T14:09:59","slug":"katepal-tihevuukkate-toptite-6-pruun","status":"publish","type":"product","link":"https:\/\/bituumensindel24.ee\/fi\/toode\/katepal-tihevuukkate-toptite-6-pruun\/","title":{"rendered":"Katepal TopTite 6\u00b0 tiivissaumakate ruskea"},"content":{"rendered":"<p>TopTite 6\u00b0 on SBS-kumibituminen tiivissaumakate, joka ei vaadi allensa erillist\u00e4 aluskermi\u00e4. Tuotteen minimikaltevuus on 1:10 (6<br \/>\nastetta). Tuotteen yl\u00e4- ja alapinnassa on 10 cm liimasauma, jonka suojana on irrotettava suojamuovi. TopTite-tuotteilla saat tehty\u00e4 loivankin katon ilman tulit\u00f6it\u00e4.<br \/>\nTopTite 6\u00b0 voidaan asentaa suoraan vanhan huopakatteen p\u00e4\u00e4lle, jos katolla on ulkopuolinen vedenpoisto. Tuote sopii my\u00f6s erinomaisesti uudisrakentamiseen. Katetta voidaan k\u00e4ytt\u00e4\u00e4 my\u00f6s jyrkemmill\u00e4 katoilla.<br \/>\nKermien pitkitt\u00e4issaumoissa on valmiina itseliimautuvat reunat ja jatkossaumat liimataan Tiivistysliimalla K-36. Kermit kiinnitet\u00e4\u00e4n alustaan huopanauloilla piiloon j\u00e4\u00e4vist\u00e4 reunoistaan. Noudattamalla tuotteen mukana toimitettavia hyvi\u00e4 asennusohjeita on lopputulos taatusti tiivis<\/p>","protected":false},"excerpt":{"rendered":"<p>Tuotteen mitat 8x1m<br \/>\nPakkauksen mitat 1000x220x220mm<br \/>\nMyyntier\u00e4n koko(kpl): 1 kpl<br \/>\nPakkausta\/lava: 24 kpl<br \/>\nHy\u00f6tyneli\u00f6t: 7 m2<br \/>\nPakkauksen paino: Musta 33 kg, Muut 30 kg<br \/>\nMateriaali: Kumibitumi<br \/>\nYl\u00e4pinta: Liuskekivisirote, Liimareuna<br \/>\nAlapinta: Hiekka, Liimareuna<br \/>\nPalotekninen luokitus: Broof(t2)<br \/>\nSertifikaatit: CE<br \/>\nTakuu: 15 vuotta<\/p>\n","protected":false},"featured_media":1409,"comment_status":"closed","ping_status":"closed","template":"","meta":[],"product_brand":[],"product_cat":[578,53],"product_tag":[361,359,360],"class_list":{"0":"post-1408","1":"product","2":"type-product","3":"status-publish","4":"has-post-thumbnail","6":"product_cat-katepal-tihevuukkate","7":"product_cat-tihevuukkate","8":"product_tag-katepal-tihevuukkate-toptite-6","9":"product_tag-katepal-toptite-6-tiivissaumakate","10":"product_tag--toptite-6","12":"first","13":"onbackorder","14":"sale","15":"taxable","16":"shipping-taxable","17":"purchasable","18":"product-type-simple"},"aioseo_notices":[],"_links":{"self":[{"href":"https:\/\/bituumensindel24.ee\/fi\/wp-json\/wp\/v2\/product\/1408","targetHints":{"allow":["GET"]}}],"collection":[{"href":"https:\/\/bituumensindel24.ee\/fi\/wp-json\/wp\/v2\/product"}],"about":[{"href":"https:\/\/bituumensindel24.ee\/fi\/wp-json\/wp\/v2\/types\/product"}],"replies":[{"embeddable":true,"href":"https:\/\/bituumensindel24.ee\/fi\/wp-json\/wp\/v2\/comments?post=1408"}],"wp:featuredmedia":[{"embeddable":true,"href":"https:\/\/bituumensindel24.ee\/fi\/wp-json\/wp\/v2\/media\/1409"}],"wp:attachment":[{"href":"https:\/\/bituumensindel24.ee\/fi\/wp-json\/wp\/v2\/media?parent=1408"}],"wp:term":[{"taxonomy":"product_brand","embeddable":true,"href":"https:\/\/bituumensindel24.ee\/fi\/wp-json\/wp\/v2\/product_brand?post=1408"},{"taxonomy":"product_cat","embeddable":true,"href":"https:\/\/bituumensindel24.ee\/fi\/wp-json\/wp\/v2\/product_cat?post=1408"},{"taxonomy":"product_tag","embeddable":true,"href":"https:\/\/bituumensindel24.ee\/fi\/wp-json\/wp\/v2\/product_tag?post=1408"}],"curies":[{"name":"wp","href":"https:\/\/api.w.org\/{rel}","templated":true}]}}