{"id":1398,"date":"2023-06-09T12:16:23","date_gmt":"2023-06-09T09:16:23","guid":{"rendered":"https:\/\/bituumensindel24.ee\/?post_type=product&#038;p=1398"},"modified":"2024-03-22T17:33:20","modified_gmt":"2024-03-22T15:33:20","slug":"katepal-keevitatav-uhekihiline-pealiskiht-tupla-hall","status":"publish","type":"product","link":"https:\/\/bituumensindel24.ee\/fi\/toode\/katepal-keevitatav-uhekihiline-pealiskiht-tupla-hall\/","title":{"rendered":"Katepal Yksikermikate Tupla harmaa"},"content":{"rendered":"<p>Katepal Tupla on hitsattava yksikermikate, joka t\u00e4ytt\u00e4\u00e4 tuoteluokan yksi vaatimukset (TL1). Tuplan tukikerroksena on lasikuituvahvistettu polyesterihuopa, ja se on valmistettu sitke\u00e4st\u00e4 SBS-kumibitumista. Kermin yl\u00e4pinta on p\u00e4\u00e4llystetty v\u00e4rillisell\u00e4 pintasirotteella. Tuotteen alapinnassa on kauttaaltaan hitsobitumi, jonka p\u00e4\u00e4ll\u00e4 ohut poishitsattava muovikalvo. Minimikaltevuus yksikermikatteena 1:40, k\u00e4ytett\u00e4ess\u00e4 tuoteluokan TL2 aluskermi\u00e4 minimikaltevuus 1:80.<\/p>\n<p>K\u00e4ytt\u00f6kohde: Yksikermikate<br \/>\nAsennustapa: Tulity\u00f6, Mekaaninen kiinnitys, Hitsaus<br \/>\nMinimikaltevuus: 1:40<\/p>","protected":false},"excerpt":{"rendered":"<p>Pituus: 8m<br \/>\nLeveys: 1m<br \/>\nHy\u00f6tyneli\u00f6t: 7.04 m2<br \/>\nKpl \/ lava: 20 kpl<br \/>\nTuoteluokka: TL1<br \/>\nMateriaali: Kumibitumi<br \/>\nYl\u00e4pinta: Liuskekivisirote<br \/>\nAlapinta: Hitsausbitumi<br \/>\nPalotekninen luokitus: Broof(t2)<br \/>\nPaino: 43 kg\/rulla<\/p>\n","protected":false},"featured_media":1399,"comment_status":"closed","ping_status":"closed","template":"","meta":[],"product_brand":[],"product_cat":[561,55],"product_tag":[354,355,356],"class_list":{"0":"post-1398","1":"product","2":"type-product","3":"status-publish","4":"has-post-thumbnail","6":"product_cat-katepal-sbs","7":"product_cat-lamekatuse-rullmaterjal","8":"product_tag-katepal-keevitatav-uhekihiline-pealiskiht-tupla","9":"product_tag-katepal-yksikermikate-tupla-harmaa","10":"product_tag-356","12":"first","13":"onbackorder","14":"taxable","15":"shipping-taxable","16":"purchasable","17":"product-type-simple"},"aioseo_notices":[],"_links":{"self":[{"href":"https:\/\/bituumensindel24.ee\/fi\/wp-json\/wp\/v2\/product\/1398","targetHints":{"allow":["GET"]}}],"collection":[{"href":"https:\/\/bituumensindel24.ee\/fi\/wp-json\/wp\/v2\/product"}],"about":[{"href":"https:\/\/bituumensindel24.ee\/fi\/wp-json\/wp\/v2\/types\/product"}],"replies":[{"embeddable":true,"href":"https:\/\/bituumensindel24.ee\/fi\/wp-json\/wp\/v2\/comments?post=1398"}],"wp:featuredmedia":[{"embeddable":true,"href":"https:\/\/bituumensindel24.ee\/fi\/wp-json\/wp\/v2\/media\/1399"}],"wp:attachment":[{"href":"https:\/\/bituumensindel24.ee\/fi\/wp-json\/wp\/v2\/media?parent=1398"}],"wp:term":[{"taxonomy":"product_brand","embeddable":true,"href":"https:\/\/bituumensindel24.ee\/fi\/wp-json\/wp\/v2\/product_brand?post=1398"},{"taxonomy":"product_cat","embeddable":true,"href":"https:\/\/bituumensindel24.ee\/fi\/wp-json\/wp\/v2\/product_cat?post=1398"},{"taxonomy":"product_tag","embeddable":true,"href":"https:\/\/bituumensindel24.ee\/fi\/wp-json\/wp\/v2\/product_tag?post=1398"}],"curies":[{"name":"wp","href":"https:\/\/api.w.org\/{rel}","templated":true}]}}