{"id":1396,"date":"2023-06-09T11:43:04","date_gmt":"2023-06-09T08:43:04","guid":{"rendered":"https:\/\/bituumensindel24.ee\/?post_type=product&#038;p=1396"},"modified":"2024-03-22T17:34:16","modified_gmt":"2024-03-22T15:34:16","slug":"katepal-keevitatav-sbs-k-ps-170-5000-pealiskiht-must","status":"publish","type":"product","link":"https:\/\/bituumensindel24.ee\/fi\/toode\/katepal-keevitatav-sbs-k-ps-170-5000-pealiskiht-must\/","title":{"rendered":"Katepal Pintakermi K-PS 170\/5000 musta"},"content":{"rendered":"<p>Pintakermi K-PS 170\/5000 on hitsattava monikermikatteiden pintakermi, joka t\u00e4ytt\u00e4\u00e4 tuoteluokan kaksi vaatimukset (TL2). K-PS:n tukikerroksena on polyesterihuopa, ja se on valmistettu sitke\u00e4st\u00e4 SBS-kumibitumista. Kermin yl\u00e4pinta on p\u00e4\u00e4llystetty v\u00e4rillisell\u00e4 pintasirotteella. Tuotteen alapinnassa on kauttaaltaan hitsobitumi, jonka p\u00e4\u00e4ll\u00e4 ohut poishitsattava muovikalvo.<\/p>\n<p>K\u00e4ytt\u00f6kohde: Pintakermi<br \/>\nAsennustapa: Tulity\u00f6, Hitsaus<br \/>\nMinimikaltevuus: 1:80<\/p>","protected":false},"excerpt":{"rendered":"<p>Pituus: 8m<br \/>\nLeveys: 1m<br \/>\nHy\u00f6tyneli\u00f6t: 7.2 m2<br \/>\nKpl \/ lava: 25 kpl<br \/>\nTuoteluokka: TL2<br \/>\nMateriaali: Kumibitumi<br \/>\nYl\u00e4pinta: Liuskekivisirote<br \/>\nAlapinta: Hitsausbitumi<br \/>\nPalotekninen luokitus: Broof(t2)<br \/>\nPaino: 40 kg\/rulla<br \/>\nLava koko: 25 kpl<\/p>\n","protected":false},"featured_media":1397,"comment_status":"closed","ping_status":"closed","template":"","meta":[],"product_brand":[],"product_cat":[561,55],"product_tag":[351,353,352],"class_list":{"0":"post-1396","1":"product","2":"type-product","3":"status-publish","4":"has-post-thumbnail","6":"product_cat-katepal-sbs","7":"product_cat-lamekatuse-rullmaterjal","8":"product_tag-katepal-keevitatav-sbs-k-ps-170-5000","9":"product_tag-katepal-pintakermi-k-ps-170-5000","10":"product_tag--sbs-k-ps-170-5000","12":"first","13":"onbackorder","14":"taxable","15":"shipping-taxable","16":"purchasable","17":"product-type-simple"},"aioseo_notices":[],"_links":{"self":[{"href":"https:\/\/bituumensindel24.ee\/fi\/wp-json\/wp\/v2\/product\/1396","targetHints":{"allow":["GET"]}}],"collection":[{"href":"https:\/\/bituumensindel24.ee\/fi\/wp-json\/wp\/v2\/product"}],"about":[{"href":"https:\/\/bituumensindel24.ee\/fi\/wp-json\/wp\/v2\/types\/product"}],"replies":[{"embeddable":true,"href":"https:\/\/bituumensindel24.ee\/fi\/wp-json\/wp\/v2\/comments?post=1396"}],"wp:featuredmedia":[{"embeddable":true,"href":"https:\/\/bituumensindel24.ee\/fi\/wp-json\/wp\/v2\/media\/1397"}],"wp:attachment":[{"href":"https:\/\/bituumensindel24.ee\/fi\/wp-json\/wp\/v2\/media?parent=1396"}],"wp:term":[{"taxonomy":"product_brand","embeddable":true,"href":"https:\/\/bituumensindel24.ee\/fi\/wp-json\/wp\/v2\/product_brand?post=1396"},{"taxonomy":"product_cat","embeddable":true,"href":"https:\/\/bituumensindel24.ee\/fi\/wp-json\/wp\/v2\/product_cat?post=1396"},{"taxonomy":"product_tag","embeddable":true,"href":"https:\/\/bituumensindel24.ee\/fi\/wp-json\/wp\/v2\/product_tag?post=1396"}],"curies":[{"name":"wp","href":"https:\/\/api.w.org\/{rel}","templated":true}]}}