{"id":1392,"date":"2023-06-09T11:00:44","date_gmt":"2023-06-09T08:00:44","guid":{"rendered":"https:\/\/bituumensindel24.ee\/?post_type=product&#038;p=1392"},"modified":"2024-03-22T17:35:22","modified_gmt":"2024-03-22T15:35:22","slug":"katepal-keevitatav-sbs-k-ms-170-4000-lamekatusele","status":"publish","type":"product","link":"https:\/\/bituumensindel24.ee\/fi\/toode\/katepal-keevitatav-sbs-k-ms-170-4000-lamekatusele\/","title":{"rendered":"Katepal aluskermi K-MS 170\/4000"},"content":{"rendered":"<p>Aluskermi K-MS 170\/4000 on hitsattava tuoteluokan kaksi (TL2) aluskermi. Se on valmistettu SBS-kumibitumista ja siin\u00e4 on tukikerroksena polyesterihuopa. Tuotetta k\u00e4ytet\u00e4\u00e4n monikerroskatteiden alus- ja v\u00e4likermin\u00e4 sek\u00e4 vedenpaine-, kosteus- ja pihakansieristyksiss\u00e4. Tuotteen alapinnassa on kauttaaltaan hitsobitumi ja yl\u00e4pinnassa hieno hiekka. Tuote sopii my\u00f6s sokkelin vedeneristykseen ja radoneristykseen.<\/p>\n<p>Sopivuus<\/p>\n<p>K\u00e4ytt\u00f6kohde: Perustusten vedeneristys, Viherkatoille, Loiville katoille, Radoneristys, Aluskermi, H\u00f6yrynsulku<br \/>\nAsennustapa: Tulity\u00f6, Mekaaninen kiinnitys, Hitsaus<br \/>\nMinimikaltevuus: 1:80<\/p>","protected":false},"excerpt":{"rendered":"<p>Leveys: 1 m<br \/>\nPituus: 10 m<br \/>\nRullan hy\u00f6dyllinen pinta-ala: 9 m2<br \/>\nPaino: 40 kg\/rulla<br \/>\nLavalla: 25 kpl<br \/>\nTuoteluokka: TL2<br \/>\nAluskateluokka: AKE<br \/>\nH\u00f6yrynsulkuluokka: BH1<br \/>\nMateriaali: Kumibitumi<br \/>\nYl\u00e4pinta: hiekka<br \/>\nPohja: Bitumihitsaus<\/p>\n","protected":false},"featured_media":1393,"comment_status":"closed","ping_status":"closed","template":"","meta":[],"product_brand":[],"product_cat":[561,55],"product_tag":[350,348,349],"class_list":{"0":"post-1392","1":"product","2":"type-product","3":"status-publish","4":"has-post-thumbnail","6":"product_cat-katepal-sbs","7":"product_cat-lamekatuse-rullmaterjal","8":"product_tag-katepal-aluskermi-k-ms-170-4000","9":"product_tag-katepal-keevitatav-sbs-k-ms-170_4000","10":"product_tag--sbs-k-ms-170_4000","12":"first","13":"onbackorder","14":"taxable","15":"shipping-taxable","16":"purchasable","17":"product-type-simple"},"aioseo_notices":[],"_links":{"self":[{"href":"https:\/\/bituumensindel24.ee\/fi\/wp-json\/wp\/v2\/product\/1392","targetHints":{"allow":["GET"]}}],"collection":[{"href":"https:\/\/bituumensindel24.ee\/fi\/wp-json\/wp\/v2\/product"}],"about":[{"href":"https:\/\/bituumensindel24.ee\/fi\/wp-json\/wp\/v2\/types\/product"}],"replies":[{"embeddable":true,"href":"https:\/\/bituumensindel24.ee\/fi\/wp-json\/wp\/v2\/comments?post=1392"}],"wp:featuredmedia":[{"embeddable":true,"href":"https:\/\/bituumensindel24.ee\/fi\/wp-json\/wp\/v2\/media\/1393"}],"wp:attachment":[{"href":"https:\/\/bituumensindel24.ee\/fi\/wp-json\/wp\/v2\/media?parent=1392"}],"wp:term":[{"taxonomy":"product_brand","embeddable":true,"href":"https:\/\/bituumensindel24.ee\/fi\/wp-json\/wp\/v2\/product_brand?post=1392"},{"taxonomy":"product_cat","embeddable":true,"href":"https:\/\/bituumensindel24.ee\/fi\/wp-json\/wp\/v2\/product_cat?post=1392"},{"taxonomy":"product_tag","embeddable":true,"href":"https:\/\/bituumensindel24.ee\/fi\/wp-json\/wp\/v2\/product_tag?post=1392"}],"curies":[{"name":"wp","href":"https:\/\/api.w.org\/{rel}","templated":true}]}}