{"id":1351,"date":"2023-05-24T12:52:26","date_gmt":"2023-05-24T09:52:26","guid":{"rendered":"https:\/\/bituumensindel24.ee\/?post_type=product&#038;p=1351"},"modified":"2024-03-22T17:21:17","modified_gmt":"2024-03-22T15:21:17","slug":"katepal-pintari-neelukate-0-7x10m-mahagon","status":"publish","type":"product","link":"https:\/\/bituumensindel24.ee\/fi\/toode\/katepal-pintari-neelukate-0-7x10m-mahagon\/","title":{"rendered":"Katepal Pintari 0.7x10m Mahonki"},"content":{"rendered":"<p>Pintari-kermill\u00e4 toteutat perinteisen kolmiorimakatteen, v\u00e4himm\u00e4iskaltevuus on 1:3 (= n. 18\u00b0). Pintari-rullakermi\u00e4 k\u00e4ytet\u00e4\u00e4n my\u00f6s yhdess\u00e4 kattolaattojen ja tiivissaumakatteiden kanssa yksityiskohtien toteuttamiseen jiireiss\u00e4, l\u00e4pivienneiss\u00e4 ja yl\u00f6snostoissa. Pintarin alapinnassa on hieno hiekka ja yl\u00e4pinnassa v\u00e4rillinen sirote. V\u00e4rivalikoimassa kattolaattojen s\u00e4vymaailmaa vastaavat useat erikoisv\u00e4rit ja vakiov\u00e4rit punainen, musta, harmaa, ruskea, vihre\u00e4 ja musta.<\/p>\n<p>K\u00e4ytt\u00f6kohde: Jyrkille katoille, Pintakermi, Kolmiorimakatoille<br \/>\nAsennustapa: Mekaaninen kiinnitys<br \/>\nMinimikaltevuus: 1:3<\/p>","protected":false},"excerpt":{"rendered":"<p>Kaltevuus: 1:3\/18,4\u00b0<br \/>\nPituus: 10 m<br \/>\nLeveys: 700 mm<br \/>\nRullan paino: 27 kg<br \/>\nLavalla: 24 kpl<br \/>\nMateriaali: Kumibitumi<br \/>\nYl\u00e4pinta: Liuskekivisirote<br \/>\nAlapinta: Hiekka<br \/>\nPalotekninen luokitus: Broof(t2)<\/p>\n","protected":false},"featured_media":1352,"comment_status":"closed","ping_status":"closed","template":"","meta":[],"product_brand":[],"product_cat":[54,366],"product_tag":[345,347,346],"class_list":{"0":"post-1351","1":"product","2":"type-product","3":"status-publish","4":"has-post-thumbnail","6":"product_cat-raasta-harjaplaat","7":"product_cat-katepal-neelukate","8":"product_tag-katepal-pintari","9":"product_tag-katepal-pintari-neelukate","10":"product_tag-katepal-pintari--","12":"first","13":"instock","14":"taxable","15":"shipping-taxable","16":"purchasable","17":"product-type-simple"},"aioseo_notices":[],"_links":{"self":[{"href":"https:\/\/bituumensindel24.ee\/fi\/wp-json\/wp\/v2\/product\/1351","targetHints":{"allow":["GET"]}}],"collection":[{"href":"https:\/\/bituumensindel24.ee\/fi\/wp-json\/wp\/v2\/product"}],"about":[{"href":"https:\/\/bituumensindel24.ee\/fi\/wp-json\/wp\/v2\/types\/product"}],"replies":[{"embeddable":true,"href":"https:\/\/bituumensindel24.ee\/fi\/wp-json\/wp\/v2\/comments?post=1351"}],"wp:featuredmedia":[{"embeddable":true,"href":"https:\/\/bituumensindel24.ee\/fi\/wp-json\/wp\/v2\/media\/1352"}],"wp:attachment":[{"href":"https:\/\/bituumensindel24.ee\/fi\/wp-json\/wp\/v2\/media?parent=1351"}],"wp:term":[{"taxonomy":"product_brand","embeddable":true,"href":"https:\/\/bituumensindel24.ee\/fi\/wp-json\/wp\/v2\/product_brand?post=1351"},{"taxonomy":"product_cat","embeddable":true,"href":"https:\/\/bituumensindel24.ee\/fi\/wp-json\/wp\/v2\/product_cat?post=1351"},{"taxonomy":"product_tag","embeddable":true,"href":"https:\/\/bituumensindel24.ee\/fi\/wp-json\/wp\/v2\/product_tag?post=1351"}],"curies":[{"name":"wp","href":"https:\/\/api.w.org\/{rel}","templated":true}]}}