{"id":1335,"date":"2023-05-23T15:54:44","date_gmt":"2023-05-23T12:54:44","guid":{"rendered":"https:\/\/bituumensindel24.ee\/?post_type=product&#038;p=1335"},"modified":"2024-04-14T10:04:27","modified_gmt":"2024-04-14T07:04:27","slug":"katepal-aluspapp-u-el-60-2200-lr-ultrabase","status":"publish","type":"product","link":"https:\/\/bituumensindel24.ee\/fi\/toode\/katepal-aluspapp-u-el-60-2200-lr-ultrabase\/","title":{"rendered":"Katepal aluskermi  U-EL 60\/2200 LR UltraBase"},"content":{"rendered":"<p>UltraBase on tarkoitettu bitumikattopaanujen aluslevyksi. Minimi asennusl\u00e4mp\u00f6tila on +10\u00b0C. Kattoa asennettaessa liimareunat tulee l\u00e4mmitt\u00e4\u00e4 kuumailmapistoolilla hyv\u00e4n tarttuvuuden varmistamiseksi.<br \/>\nUltraBase voidaan asentaa joko rinnakkain harjanteen kanssa (vaaka-asennus) tai ristikk\u00e4in harjanteen linjaan n\u00e4hden (pystyasennus). Jyrk\u00e4lle katolle (kaltevuus &gt; 1:3) suosittelemme pystysuoraa asennusta. Kiinnitykseen k\u00e4ytett\u00e4vien kattonaulojen tulee tunkeutua katon lautakannen l\u00e4pi.<\/p>\n<p>K\u00e4ytt\u00f6tarkoitus: Aluskatteet tiili- ja metallikatot, kiinte\u00e4 terassi<br \/>\nAsennustapa: Itseliimautuva, Mekaaninen kiinnitys<\/p>","protected":false},"excerpt":{"rendered":"<p>Hy\u00f6tyneli\u00f6t: 13.5 m2<br \/>\nLeveys: 1 m<br \/>\nPituus: 15 m<br \/>\nKpl\/lava: 30 kpl<br \/>\nMateriaali: Kumibitumi<br \/>\nYl\u00e4pinta: Hiekka<br \/>\nAlapinta: Hiekka<\/p>\n","protected":false},"featured_media":1336,"comment_status":"closed","ping_status":"closed","template":"","meta":[],"product_brand":[],"product_cat":[560,52],"product_tag":[342,341,340,343],"class_list":{"0":"post-1335","1":"product","2":"type-product","3":"status-publish","4":"has-post-thumbnail","6":"product_cat-aluskate","7":"product_cat-aluskate-ja-vuugiliimid","8":"product_tag-katepal-aluskermi-ultrabase","9":"product_tag-katepal-aluspapp-ultrabase","10":"product_tag-katepal-ultrabase","11":"product_tag-katepal---ultrabase","13":"first","14":"instock","15":"sale","16":"taxable","17":"shipping-taxable","18":"purchasable","19":"product-type-simple"},"aioseo_notices":[],"_links":{"self":[{"href":"https:\/\/bituumensindel24.ee\/fi\/wp-json\/wp\/v2\/product\/1335","targetHints":{"allow":["GET"]}}],"collection":[{"href":"https:\/\/bituumensindel24.ee\/fi\/wp-json\/wp\/v2\/product"}],"about":[{"href":"https:\/\/bituumensindel24.ee\/fi\/wp-json\/wp\/v2\/types\/product"}],"replies":[{"embeddable":true,"href":"https:\/\/bituumensindel24.ee\/fi\/wp-json\/wp\/v2\/comments?post=1335"}],"wp:featuredmedia":[{"embeddable":true,"href":"https:\/\/bituumensindel24.ee\/fi\/wp-json\/wp\/v2\/media\/1336"}],"wp:attachment":[{"href":"https:\/\/bituumensindel24.ee\/fi\/wp-json\/wp\/v2\/media?parent=1335"}],"wp:term":[{"taxonomy":"product_brand","embeddable":true,"href":"https:\/\/bituumensindel24.ee\/fi\/wp-json\/wp\/v2\/product_brand?post=1335"},{"taxonomy":"product_cat","embeddable":true,"href":"https:\/\/bituumensindel24.ee\/fi\/wp-json\/wp\/v2\/product_cat?post=1335"},{"taxonomy":"product_tag","embeddable":true,"href":"https:\/\/bituumensindel24.ee\/fi\/wp-json\/wp\/v2\/product_tag?post=1335"}],"curies":[{"name":"wp","href":"https:\/\/api.w.org\/{rel}","templated":true}]}}