{"id":1333,"date":"2023-05-23T14:40:31","date_gmt":"2023-05-23T11:40:31","guid":{"rendered":"https:\/\/bituumensindel24.ee\/?post_type=product&#038;p=1333"},"modified":"2024-04-14T10:04:27","modified_gmt":"2024-04-14T07:04:27","slug":"katepal-aluspapp-green-superbase-15x1-0m","status":"publish","type":"product","link":"https:\/\/bituumensindel24.ee\/fi\/toode\/katepal-aluspapp-green-superbase-15x1-0m\/","title":{"rendered":"Aluskermi SuperBase Grip Green 1x15m"},"content":{"rendered":"<p>Taipuisa ja murtumaton SuperBase Grip Green -aluskermi on SBS-kumibitumia ja molemmissa pinnoissa on tiiviit itseliimautuvat liimareunat. SuperBase Grip Green sopii erinomaisesti omatoimirakentajalle. Tuote on AKE-luokan aluskate ja sen varassa katto voi vaikka talvehtia. Soveltuu bitumikatteiden sek\u00e4 tiili- ja pelttikatteiden aluskermiksi.<\/p>\n<p>Katepal Green on ratkaisu, jolla voidaan pienent\u00e4\u00e4 rakennuksen hiilip\u00e4\u00e4st\u00f6j\u00e4. Tuotteissa on k\u00e4ytetty uusiutuvia ja kierr\u00e4tettyj\u00e4 raaka-aineita, ja valmistukseen on k\u00e4ytetty uusiutuvaa vihre\u00e4\u00e4 s\u00e4hk\u00f6\u00e4. Katepal Green -bitumikermien hiilijalanj\u00e4lki on merkitt\u00e4v\u00e4sti tavanomaista verrokkituotetta pienempi. Tavallisenkin bitumikatteen hiilijalanj\u00e4lki on kilpailukykyinen, mutta Katepal Green -tuotteilla p\u00e4\u00e4st\u00e4\u00e4n viel\u00e4 alemmas.<\/p>\n<p>K\u00e4ytt\u00f6kohde: Aluskate tiili- ja peltikatoille, kiinte\u00e4lle alustalle, Jyrkille katoille, Aluskermi, H\u00f6yrynsulku<br \/>\nAsennustapa: Itseliimautuva, Mekaaninen kiinnitys<\/p>","protected":false},"excerpt":{"rendered":"<p>Hy\u00f6tyneli\u00f6t: 13.5 m2<br \/>\nLeveys: 1 m<br \/>\nPituus: 15 m<br \/>\nKpl\/lava: 30 kpl<br \/>\nTuoteluokka: TL3<br \/>\nAluskateluokka: AKE<br \/>\nH\u00f6yrynsulkuluokka: BH3<br \/>\nMateriaali: Kumibitumi<br \/>\nYl\u00e4pinta: Grip-pinta, Liimareuna<br \/>\nAlapinta: Hiekka, Liimareuna<\/p>\n","protected":false},"featured_media":1334,"comment_status":"closed","ping_status":"closed","template":"","meta":[],"product_brand":[],"product_cat":[560,52],"product_tag":[338,337,339],"class_list":{"0":"post-1333","1":"product","2":"type-product","3":"status-publish","4":"has-post-thumbnail","6":"product_cat-aluskate","7":"product_cat-aluskate-ja-vuugiliimid","8":"product_tag-aluskermi-superbase-grip-green","9":"product_tag-katepal-green-superbase","10":"product_tag-katepal---green-superbase","12":"first","13":"instock","14":"sale","15":"taxable","16":"shipping-taxable","17":"purchasable","18":"product-type-simple"},"aioseo_notices":[],"_links":{"self":[{"href":"https:\/\/bituumensindel24.ee\/fi\/wp-json\/wp\/v2\/product\/1333","targetHints":{"allow":["GET"]}}],"collection":[{"href":"https:\/\/bituumensindel24.ee\/fi\/wp-json\/wp\/v2\/product"}],"about":[{"href":"https:\/\/bituumensindel24.ee\/fi\/wp-json\/wp\/v2\/types\/product"}],"replies":[{"embeddable":true,"href":"https:\/\/bituumensindel24.ee\/fi\/wp-json\/wp\/v2\/comments?post=1333"}],"wp:featuredmedia":[{"embeddable":true,"href":"https:\/\/bituumensindel24.ee\/fi\/wp-json\/wp\/v2\/media\/1334"}],"wp:attachment":[{"href":"https:\/\/bituumensindel24.ee\/fi\/wp-json\/wp\/v2\/media?parent=1333"}],"wp:term":[{"taxonomy":"product_brand","embeddable":true,"href":"https:\/\/bituumensindel24.ee\/fi\/wp-json\/wp\/v2\/product_brand?post=1333"},{"taxonomy":"product_cat","embeddable":true,"href":"https:\/\/bituumensindel24.ee\/fi\/wp-json\/wp\/v2\/product_cat?post=1333"},{"taxonomy":"product_tag","embeddable":true,"href":"https:\/\/bituumensindel24.ee\/fi\/wp-json\/wp\/v2\/product_tag?post=1333"}],"curies":[{"name":"wp","href":"https:\/\/api.w.org\/{rel}","templated":true}]}}