{"id":1329,"date":"2023-05-23T10:58:53","date_gmt":"2023-05-23T07:58:53","guid":{"rendered":"https:\/\/bituumensindel24.ee\/?post_type=product&#038;p=1329"},"modified":"2025-06-12T06:56:25","modified_gmt":"2025-06-12T03:56:25","slug":"katepal-aluspapp-k-el-60-2200-lr-xtrabase","status":"publish","type":"product","link":"https:\/\/bituumensindel24.ee\/fi\/toode\/katepal-aluspapp-k-el-60-2200-lr-xtrabase\/","title":{"rendered":"Katepal aluskermi XtraBase"},"content":{"rendered":"<p>XtraBase on lasikuitutukikerroksellinen bitumisten kattolaattojen SBS-kumibituminen aluskermi. Tuotteessa on ala- ja yl\u00e4pinnassa 10 cm leve\u00e4 liimasauma irrotettavan suojamuovin alla. Tuote asennetaan kiinte\u00e4lle alustalle mekaanisin kiinnikkein esimerkiksi huopanauloin.<\/p>\n<p>XtraBase t\u00e4ytt\u00e4\u00e4 Kattoliiton AKK2-tuoteluokituksen. Toimivat Katot 2022 -julkaisu suosittelee tiili- ja peltikatteiden alle v\u00e4hint\u00e4\u00e4n AKK1-luokan aluskermi\u00e4.<\/p>","protected":false},"excerpt":{"rendered":"<p>Hy\u00f6tyneli\u00f6t: 13.5 m2<br \/>\nLeveys: 1 m<br \/>\nPituus: 15 m<br \/>\nKpl\/lava: 30 kpl<br \/>\nAluskateluokka: AKK2<br \/>\nMateriaali: Kumibitumi<br \/>\nYl\u00e4pinta: Hiekka, Liimareuna<br \/>\nAlapinta: Hiekka, Liimareuna<\/p>\n","protected":false},"featured_media":1330,"comment_status":"closed","ping_status":"closed","template":"","meta":[],"product_brand":[],"product_cat":[560,52],"product_tag":[334,335,336],"class_list":{"0":"post-1329","1":"product","2":"type-product","3":"status-publish","4":"has-post-thumbnail","6":"product_cat-aluskate","7":"product_cat-aluskate-ja-vuugiliimid","8":"product_tag-katepal-aluskate-xtrabase","9":"product_tag-katepal-aluskermi-xtrabase","10":"product_tag-katepal---xtrabase","12":"first","13":"instock","14":"sale","15":"taxable","16":"shipping-taxable","17":"purchasable","18":"product-type-simple"},"aioseo_notices":[],"_links":{"self":[{"href":"https:\/\/bituumensindel24.ee\/fi\/wp-json\/wp\/v2\/product\/1329","targetHints":{"allow":["GET"]}}],"collection":[{"href":"https:\/\/bituumensindel24.ee\/fi\/wp-json\/wp\/v2\/product"}],"about":[{"href":"https:\/\/bituumensindel24.ee\/fi\/wp-json\/wp\/v2\/types\/product"}],"replies":[{"embeddable":true,"href":"https:\/\/bituumensindel24.ee\/fi\/wp-json\/wp\/v2\/comments?post=1329"}],"wp:featuredmedia":[{"embeddable":true,"href":"https:\/\/bituumensindel24.ee\/fi\/wp-json\/wp\/v2\/media\/1330"}],"wp:attachment":[{"href":"https:\/\/bituumensindel24.ee\/fi\/wp-json\/wp\/v2\/media?parent=1329"}],"wp:term":[{"taxonomy":"product_brand","embeddable":true,"href":"https:\/\/bituumensindel24.ee\/fi\/wp-json\/wp\/v2\/product_brand?post=1329"},{"taxonomy":"product_cat","embeddable":true,"href":"https:\/\/bituumensindel24.ee\/fi\/wp-json\/wp\/v2\/product_cat?post=1329"},{"taxonomy":"product_tag","embeddable":true,"href":"https:\/\/bituumensindel24.ee\/fi\/wp-json\/wp\/v2\/product_tag?post=1329"}],"curies":[{"name":"wp","href":"https:\/\/api.w.org\/{rel}","templated":true}]}}