{"id":1323,"date":"2023-05-23T10:31:25","date_gmt":"2023-05-23T07:31:25","guid":{"rendered":"https:\/\/bituumensindel24.ee\/?post_type=product&#038;p=1323"},"modified":"2024-04-14T10:08:31","modified_gmt":"2024-04-14T07:08:31","slug":"katepal-raasta-harjaplaat-kl-rocky-foxy-3t-must","status":"publish","type":"product","link":"https:\/\/bituumensindel24.ee\/fi\/toode\/katepal-raasta-harjaplaat-kl-rocky-foxy-3t-must\/","title":{"rendered":"Katepal harja ja r\u00e4yst\u00e4slevy KL\/Rocky\/Foxy\/3T musta"},"content":{"rendered":"<p>R\u00e4yst\u00e4s- ja harjalevy on monik\u00e4ytt\u00f6inen tuote soveltuen sek\u00e4 alar\u00e4yst\u00e4\u00e4lle alimman kattolaattarivin alle ett\u00e4 ositettuna kolmeen osaan n\u00e4ytt\u00e4v\u00e4ksi harjalevyksi.<\/p>","protected":false},"excerpt":{"rendered":"<p>Pituus: 1000mm<br \/>\nLeveys: 250mm<br \/>\nPakkaus: 20 kpl<br \/>\nMenekki: R\u00e4yst\u00e4st\u00e4 20m tai harjaa 12 m\/pk<br \/>\nPaino: 22 kg\/pk<\/p>\n","protected":false},"featured_media":1327,"comment_status":"closed","ping_status":"closed","template":"","meta":[],"product_brand":[],"product_cat":[54,365],"product_tag":[332,331,333],"class_list":{"0":"post-1323","1":"product","2":"type-product","3":"status-publish","4":"has-post-thumbnail","6":"product_cat-raasta-harjaplaat","7":"product_cat-katepal-harja-raastaplaat","8":"product_tag-katepal-harja-raystaslevy","9":"product_tag-katepal-raasta-harjaplaat","10":"product_tag-katepal--","12":"first","13":"instock","14":"sale","15":"taxable","16":"shipping-taxable","17":"purchasable","18":"product-type-simple"},"aioseo_notices":[],"_links":{"self":[{"href":"https:\/\/bituumensindel24.ee\/fi\/wp-json\/wp\/v2\/product\/1323","targetHints":{"allow":["GET"]}}],"collection":[{"href":"https:\/\/bituumensindel24.ee\/fi\/wp-json\/wp\/v2\/product"}],"about":[{"href":"https:\/\/bituumensindel24.ee\/fi\/wp-json\/wp\/v2\/types\/product"}],"replies":[{"embeddable":true,"href":"https:\/\/bituumensindel24.ee\/fi\/wp-json\/wp\/v2\/comments?post=1323"}],"wp:featuredmedia":[{"embeddable":true,"href":"https:\/\/bituumensindel24.ee\/fi\/wp-json\/wp\/v2\/media\/1327"}],"wp:attachment":[{"href":"https:\/\/bituumensindel24.ee\/fi\/wp-json\/wp\/v2\/media?parent=1323"}],"wp:term":[{"taxonomy":"product_brand","embeddable":true,"href":"https:\/\/bituumensindel24.ee\/fi\/wp-json\/wp\/v2\/product_brand?post=1323"},{"taxonomy":"product_cat","embeddable":true,"href":"https:\/\/bituumensindel24.ee\/fi\/wp-json\/wp\/v2\/product_cat?post=1323"},{"taxonomy":"product_tag","embeddable":true,"href":"https:\/\/bituumensindel24.ee\/fi\/wp-json\/wp\/v2\/product_tag?post=1323"}],"curies":[{"name":"wp","href":"https:\/\/api.w.org\/{rel}","templated":true}]}}