{"id":1303,"date":"2023-05-09T14:35:27","date_gmt":"2023-05-09T11:35:27","guid":{"rendered":"https:\/\/bituumensindel24.ee\/?post_type=product&#038;p=1303"},"modified":"2024-03-22T17:28:36","modified_gmt":"2024-03-22T15:28:36","slug":"soklikate-katepal-100mm","status":"publish","type":"product","link":"https:\/\/bituumensindel24.ee\/fi\/toode\/soklikate-katepal-100mm\/","title":{"rendered":"Sokkelikaista Katepal 100mm"},"content":{"rendered":"<p>Sokkelikaistaa k\u00e4ytet\u00e4\u00e4n alaohjauspuun kosteuserist\u00e4miseen. Alaohjauspuun ja perustuksien v\u00e4liin asennettu bituminen sokkelikaista est\u00e4\u00e4 tehokkaasti perustuksista nousevan kosteuden v\u00e4littymisen puisiin rakenteisiin.<\/p>","protected":false},"excerpt":{"rendered":"<p>Pituus: 8m<br \/>\nLeveys: 10 cm<br \/>\nPaino: 2,4 kg\/rulla<br \/>\nK\u00e4ytt\u00f6kohde: Perustusten vedeneristys<br \/>\nAsennustapa: Mekaaninen kiinnitys<\/p>\n","protected":false},"featured_media":1304,"comment_status":"closed","ping_status":"closed","template":"","meta":[],"product_brand":[],"product_cat":[320],"product_tag":[329,328,330],"class_list":{"0":"post-1303","1":"product","2":"type-product","3":"status-publish","4":"has-post-thumbnail","6":"product_cat-soklikate","7":"product_tag-sokkelikaista-katepal","8":"product_tag-soklikate-katepal","9":"product_tag---katepal","11":"first","12":"onbackorder","13":"taxable","14":"shipping-taxable","15":"purchasable","16":"product-type-simple"},"aioseo_notices":[],"_links":{"self":[{"href":"https:\/\/bituumensindel24.ee\/fi\/wp-json\/wp\/v2\/product\/1303","targetHints":{"allow":["GET"]}}],"collection":[{"href":"https:\/\/bituumensindel24.ee\/fi\/wp-json\/wp\/v2\/product"}],"about":[{"href":"https:\/\/bituumensindel24.ee\/fi\/wp-json\/wp\/v2\/types\/product"}],"replies":[{"embeddable":true,"href":"https:\/\/bituumensindel24.ee\/fi\/wp-json\/wp\/v2\/comments?post=1303"}],"wp:featuredmedia":[{"embeddable":true,"href":"https:\/\/bituumensindel24.ee\/fi\/wp-json\/wp\/v2\/media\/1304"}],"wp:attachment":[{"href":"https:\/\/bituumensindel24.ee\/fi\/wp-json\/wp\/v2\/media?parent=1303"}],"wp:term":[{"taxonomy":"product_brand","embeddable":true,"href":"https:\/\/bituumensindel24.ee\/fi\/wp-json\/wp\/v2\/product_brand?post=1303"},{"taxonomy":"product_cat","embeddable":true,"href":"https:\/\/bituumensindel24.ee\/fi\/wp-json\/wp\/v2\/product_cat?post=1303"},{"taxonomy":"product_tag","embeddable":true,"href":"https:\/\/bituumensindel24.ee\/fi\/wp-json\/wp\/v2\/product_tag?post=1303"}],"curies":[{"name":"wp","href":"https:\/\/api.w.org\/{rel}","templated":true}]}}