{"id":1275,"date":"2022-11-24T13:07:26","date_gmt":"2022-11-24T11:07:26","guid":{"rendered":"https:\/\/bituumensindel24.ee\/?post_type=product&#038;p=1275"},"modified":"2023-12-27T17:57:20","modified_gmt":"2023-12-27T15:57:20","slug":"bituumenvilpe-125-er-700-komplekt-savipunane","status":"publish","type":"product","link":"https:\/\/bituumensindel24.ee\/fi\/toode\/bituumenvilpe-125-er-700-komplekt-savipunane\/","title":{"rendered":"Vilpe huopa tuuletusputkisarja 125\/ER\/700 savitiilenpunainen"},"content":{"rendered":"<p class=\"qtranxs-available-languages-message qtranxs-available-languages-message-fi\">T\u00e4m\u00e4 teksti on valitettavasti saatavilla vain kielill\u00e4: <a href=\"https:\/\/bituumensindel24.ee\/et\/wp-json\/wp\/v2\/product\/1275\" class=\"qtranxs-available-language-link qtranxs-available-language-link-et\" title=\"Eesti\">Eesti<\/a>.<\/p>","protected":false},"excerpt":{"rendered":"<p>Vilpe huopa l\u00e4pivienti: 1 kpl<br \/>\nEristetty putki 125 mm: 1 kpl<br \/>\nVilpe Flow hattu 125mm: 1 kpl<br \/>\nMitat: Putken sis\u00e4halkaisija 125 mm.<br \/>\nKorkeus kattopinnasta n. 700 mm.<br \/>\nSis\u00e4lt\u00f6: Tuuletusputki, kiinnitysruuvit.<\/p>\n","protected":false},"featured_media":1276,"comment_status":"closed","ping_status":"closed","template":"","meta":[],"product_brand":[],"product_cat":[314],"product_tag":[315,317,316],"class_list":{"0":"post-1275","1":"product","2":"type-product","3":"status-publish","4":"has-post-thumbnail","6":"product_cat-125mm-tuulutustorud","7":"product_tag-bituumenvilpe-125-er-700-komplekt","8":"product_tag-vilpe-huopa-tuuletusputkisarja-eristetty-125-er-700","9":"product_tag-vilpe----125-er-700","11":"first","12":"onbackorder","13":"sale","14":"taxable","15":"shipping-taxable","16":"purchasable","17":"product-type-simple"},"aioseo_notices":[],"_links":{"self":[{"href":"https:\/\/bituumensindel24.ee\/fi\/wp-json\/wp\/v2\/product\/1275","targetHints":{"allow":["GET"]}}],"collection":[{"href":"https:\/\/bituumensindel24.ee\/fi\/wp-json\/wp\/v2\/product"}],"about":[{"href":"https:\/\/bituumensindel24.ee\/fi\/wp-json\/wp\/v2\/types\/product"}],"replies":[{"embeddable":true,"href":"https:\/\/bituumensindel24.ee\/fi\/wp-json\/wp\/v2\/comments?post=1275"}],"wp:featuredmedia":[{"embeddable":true,"href":"https:\/\/bituumensindel24.ee\/fi\/wp-json\/wp\/v2\/media\/1276"}],"wp:attachment":[{"href":"https:\/\/bituumensindel24.ee\/fi\/wp-json\/wp\/v2\/media?parent=1275"}],"wp:term":[{"taxonomy":"product_brand","embeddable":true,"href":"https:\/\/bituumensindel24.ee\/fi\/wp-json\/wp\/v2\/product_brand?post=1275"},{"taxonomy":"product_cat","embeddable":true,"href":"https:\/\/bituumensindel24.ee\/fi\/wp-json\/wp\/v2\/product_cat?post=1275"},{"taxonomy":"product_tag","embeddable":true,"href":"https:\/\/bituumensindel24.ee\/fi\/wp-json\/wp\/v2\/product_tag?post=1275"}],"curies":[{"name":"wp","href":"https:\/\/api.w.org\/{rel}","templated":true}]}}