{"id":1265,"date":"2022-11-24T11:32:02","date_gmt":"2022-11-24T09:32:02","guid":{"rendered":"https:\/\/bituumensindel24.ee\/?post_type=product&#038;p=1265"},"modified":"2024-04-29T07:15:54","modified_gmt":"2024-04-29T04:15:54","slug":"bituumenvilpe-125-er-700-komplekt-must","status":"publish","type":"product","link":"https:\/\/bituumensindel24.ee\/fi\/toode\/bituumenvilpe-125-er-700-komplekt-must\/","title":{"rendered":"Vilpe huopa tuuletusputkisarja 125\/ER\/700"},"content":{"rendered":"<p>FLOW-sarjan hatuissa on per\u00e4ti noin 40 % pienempi paineh\u00e4vi\u00f6 kuin aikaisemmin, mink\u00e4 ansiosta s\u00e4\u00e4st\u00f6\u00e4 syntyy sek\u00e4 ilmanvaihdon energiankulutuksessa ett\u00e4 asumiskustannuksissa. Esimerkiksi 160 mm FLOW poistoputki (101 l\/s, 30 Pa vs. 20 Pa): FLOW-hatulla varustetulla putkella on 100 l\/s virtaamalla n. 33 % pie-nempi paineh\u00e4vi\u00f6. FLOW-poistoputki maksaa s\u00e4hk\u00f6n\u00ackulutuksessa hintaerotuksen takaisin noin kolmessa vuodessa verrattuna aikaisempaan malliin.<\/p>\n<p>FLOW-tuotteet k\u00e4ytettyn\u00e4 yhdess\u00e4 VILPE Intake -ratkaisun kanssa v\u00e4hent\u00e4v\u00e4t ilmanvaihtokoneen s\u00e4h-k\u00f6nkulutusta jopa 12 % verrattuna muihin markkinoilla oleviin edellisen sukupolven tuotteisiin. Alhaisempi s\u00e4hk\u00f6nkulutus tuntuu suoraan lompakossa joka vuosi ja auttaa s\u00e4\u00e4st\u00e4m\u00e4\u00e4n luontoa. Lue lis\u00e4\u00e4 esimerkki-las\u00ackelmia osoitteessa vilpe.com\/flow.<\/p>\n<p>Intensiivisen ilmavirtatestauksen ja viimeistellyn muotoilun ansiosta FLOW-tuotteissa on ainutlaatuisen<br \/>\nhyv\u00e4 vedenerottuvuus ja suoraan yl\u00f6sp\u00e4in kohdistettu ilmavirtaus. T\u00e4m\u00e4 varmistaa entist\u00e4kin paremmin sen, ett\u00e4 kosteus pysyy ulkona ja likainen ilma poistuu sis\u00e4lt\u00e4 suoraan kohti taivasta eiv\u00e4tk\u00e4 hiukkaset likaa kattoa tai julkisivua.<\/p>\n<p>VILPE Flow -tuotesarjan moderni muotokieli on luotu yhteisty\u00f6ss\u00e4 teollisten muotoilijoiden kanssa. Suoravii\u00acvainen design tulee kattamaan huippuimureiden sek\u00e4 tuuletus- ja poistoputkien koko hattuvalikoiman.<\/p>","protected":false},"excerpt":{"rendered":"<p>Vilpe huopa l\u00e4pivienti: 1 kpl<br \/>\nEristetty putki 125 mm: 1 kpl<br \/>\nVilpe Flow hattu 125mm: 1 kpl<br \/>\nMitat: Putken sis\u00e4halkaisija 125 mm.<br \/>\nKorkeus kattopinnasta n. 700 mm.<br \/>\nSis\u00e4lt\u00f6: Tuuletusputki, kiinnitysruuvit.<\/p>\n","protected":false},"featured_media":1266,"comment_status":"closed","ping_status":"closed","template":"","meta":[],"product_brand":[],"product_cat":[314],"product_tag":[315,317,316],"class_list":{"0":"post-1265","1":"product","2":"type-product","3":"status-publish","4":"has-post-thumbnail","6":"product_cat-125mm-tuulutustorud","7":"product_tag-bituumenvilpe-125-er-700-komplekt","8":"product_tag-vilpe-huopa-tuuletusputkisarja-eristetty-125-er-700","9":"product_tag-vilpe----125-er-700","11":"first","12":"instock","13":"sale","14":"taxable","15":"shipping-taxable","16":"purchasable","17":"product-type-simple"},"aioseo_notices":[],"_links":{"self":[{"href":"https:\/\/bituumensindel24.ee\/fi\/wp-json\/wp\/v2\/product\/1265","targetHints":{"allow":["GET"]}}],"collection":[{"href":"https:\/\/bituumensindel24.ee\/fi\/wp-json\/wp\/v2\/product"}],"about":[{"href":"https:\/\/bituumensindel24.ee\/fi\/wp-json\/wp\/v2\/types\/product"}],"replies":[{"embeddable":true,"href":"https:\/\/bituumensindel24.ee\/fi\/wp-json\/wp\/v2\/comments?post=1265"}],"wp:featuredmedia":[{"embeddable":true,"href":"https:\/\/bituumensindel24.ee\/fi\/wp-json\/wp\/v2\/media\/1266"}],"wp:attachment":[{"href":"https:\/\/bituumensindel24.ee\/fi\/wp-json\/wp\/v2\/media?parent=1265"}],"wp:term":[{"taxonomy":"product_brand","embeddable":true,"href":"https:\/\/bituumensindel24.ee\/fi\/wp-json\/wp\/v2\/product_brand?post=1265"},{"taxonomy":"product_cat","embeddable":true,"href":"https:\/\/bituumensindel24.ee\/fi\/wp-json\/wp\/v2\/product_cat?post=1265"},{"taxonomy":"product_tag","embeddable":true,"href":"https:\/\/bituumensindel24.ee\/fi\/wp-json\/wp\/v2\/product_tag?post=1265"}],"curies":[{"name":"wp","href":"https:\/\/api.w.org\/{rel}","templated":true}]}}