{"id":1263,"date":"2022-11-24T10:50:05","date_gmt":"2022-11-24T08:50:05","guid":{"rendered":"https:\/\/bituumensindel24.ee\/?post_type=product&#038;p=1263"},"modified":"2023-12-27T17:57:20","modified_gmt":"2023-12-27T15:57:20","slug":"bituumenvilpe-110-er-500-komplekt-savipunane","status":"publish","type":"product","link":"https:\/\/bituumensindel24.ee\/fi\/toode\/bituumenvilpe-110-er-500-komplekt-savipunane\/","title":{"rendered":"Vilpe huopa tuuletusputkisarja eristetty 110\/ER\/500 savitiilenpunainen"},"content":{"rendered":"<p class=\"qtranxs-available-languages-message qtranxs-available-languages-message-fi\">T\u00e4m\u00e4 teksti on valitettavasti saatavilla vain kielill\u00e4: <a href=\"https:\/\/bituumensindel24.ee\/et\/wp-json\/wp\/v2\/product\/1263\" class=\"qtranxs-available-language-link qtranxs-available-language-link-et\" title=\"Eesti\">Eesti<\/a>.<\/p>","protected":false},"excerpt":{"rendered":"<p>Vilpe huopa l\u00e4pivienti: 1 kpl<br \/>\nEristetty putki 110 mm: 1 kpl<br \/>\nVilpe Flow hattu 110mm: 1 kpl<br \/>\nMitat: Putken sis\u00e4halkaisija 110 mm.<br \/>\nUlkomitta \u00d8 160 mm. Korkeus kattopinnasta n. 500 mm.<br \/>\nSis\u00e4lt\u00f6: Tuuletusputki, kiinnitysruuvit.<\/p>\n","protected":false},"featured_media":1264,"comment_status":"closed","ping_status":"closed","template":"","meta":[],"product_brand":[],"product_cat":[15],"product_tag":[311,318,312],"class_list":{"0":"post-1263","1":"product","2":"type-product","3":"status-publish","4":"has-post-thumbnail","6":"product_cat-110mm-tuulutustorud","7":"product_tag-bituumenvilpe-110-er-500-komplekt","8":"product_tag-vilpe-huopa-tuuletusputkisarja-eristetty-110-er-500","9":"product_tag-vilpe----110-er-500","11":"first","12":"onbackorder","13":"sale","14":"taxable","15":"shipping-taxable","16":"purchasable","17":"product-type-simple"},"aioseo_notices":[],"_links":{"self":[{"href":"https:\/\/bituumensindel24.ee\/fi\/wp-json\/wp\/v2\/product\/1263","targetHints":{"allow":["GET"]}}],"collection":[{"href":"https:\/\/bituumensindel24.ee\/fi\/wp-json\/wp\/v2\/product"}],"about":[{"href":"https:\/\/bituumensindel24.ee\/fi\/wp-json\/wp\/v2\/types\/product"}],"replies":[{"embeddable":true,"href":"https:\/\/bituumensindel24.ee\/fi\/wp-json\/wp\/v2\/comments?post=1263"}],"wp:featuredmedia":[{"embeddable":true,"href":"https:\/\/bituumensindel24.ee\/fi\/wp-json\/wp\/v2\/media\/1264"}],"wp:attachment":[{"href":"https:\/\/bituumensindel24.ee\/fi\/wp-json\/wp\/v2\/media?parent=1263"}],"wp:term":[{"taxonomy":"product_brand","embeddable":true,"href":"https:\/\/bituumensindel24.ee\/fi\/wp-json\/wp\/v2\/product_brand?post=1263"},{"taxonomy":"product_cat","embeddable":true,"href":"https:\/\/bituumensindel24.ee\/fi\/wp-json\/wp\/v2\/product_cat?post=1263"},{"taxonomy":"product_tag","embeddable":true,"href":"https:\/\/bituumensindel24.ee\/fi\/wp-json\/wp\/v2\/product_tag?post=1263"}],"curies":[{"name":"wp","href":"https:\/\/api.w.org\/{rel}","templated":true}]}}