{"id":1222,"date":"2022-11-23T15:23:41","date_gmt":"2022-11-23T13:23:41","guid":{"rendered":"https:\/\/bituumensindel24.ee\/?post_type=product&#038;p=1222"},"modified":"2024-09-19T12:51:33","modified_gmt":"2024-09-19T09:51:33","slug":"vilpe-power-a-110mm-tuubel","status":"publish","type":"product","link":"https:\/\/bituumensindel24.ee\/fi\/toode\/vilpe-power-a-110mm-tuubel\/","title":{"rendered":"Vilpe Power A 110mm kiinnike"},"content":{"rendered":"<p>K\u00e4ytt\u00f6kohteet: Uuden katteen ja eristeen kiinnitt\u00e4miseen vanhaan bitumikerroskatteeseen tai eristelevyn kiinnitt\u00e4miseen eristelevyyn (esim. Styrox, polyuretaanilevyt). Kiinnikkeen pituus valitaan eristepaksuuden mukaan. Valmistettu vahvasta polyamidista (nylon) ja perusv\u00e4ri on musta. Varsi on valmistettu neliskanttiseksi, jotta se on kest\u00e4v\u00e4 ja est\u00e4\u00e4 ty\u00f6kalun py\u00f6r\u00e4ht\u00e4misen asennuksessa.<\/p>","protected":false},"excerpt":{"rendered":"<p>Pakkauksen koko: 100 kpl<br \/>\nMitat: Laippa \u00d8 50 mm ja kierrekoko \u00d8 28 mm.<\/p>\n","protected":false},"featured_media":1223,"comment_status":"closed","ping_status":"closed","template":"","meta":[],"product_brand":[],"product_cat":[57],"product_tag":[303,304,302],"class_list":{"0":"post-1222","1":"product","2":"type-product","3":"status-publish","4":"has-post-thumbnail","6":"product_cat-kinnitustarvikud","7":"product_tag-vilpe-power-a","8":"product_tag-vilpe-power-a-kiinnikke","9":"product_tag-vilpe-power-a-tuubel","11":"first","12":"onbackorder","13":"sale","14":"taxable","15":"shipping-taxable","16":"purchasable","17":"product-type-simple"},"aioseo_notices":[],"_links":{"self":[{"href":"https:\/\/bituumensindel24.ee\/fi\/wp-json\/wp\/v2\/product\/1222","targetHints":{"allow":["GET"]}}],"collection":[{"href":"https:\/\/bituumensindel24.ee\/fi\/wp-json\/wp\/v2\/product"}],"about":[{"href":"https:\/\/bituumensindel24.ee\/fi\/wp-json\/wp\/v2\/types\/product"}],"replies":[{"embeddable":true,"href":"https:\/\/bituumensindel24.ee\/fi\/wp-json\/wp\/v2\/comments?post=1222"}],"wp:featuredmedia":[{"embeddable":true,"href":"https:\/\/bituumensindel24.ee\/fi\/wp-json\/wp\/v2\/media\/1223"}],"wp:attachment":[{"href":"https:\/\/bituumensindel24.ee\/fi\/wp-json\/wp\/v2\/media?parent=1222"}],"wp:term":[{"taxonomy":"product_brand","embeddable":true,"href":"https:\/\/bituumensindel24.ee\/fi\/wp-json\/wp\/v2\/product_brand?post=1222"},{"taxonomy":"product_cat","embeddable":true,"href":"https:\/\/bituumensindel24.ee\/fi\/wp-json\/wp\/v2\/product_cat?post=1222"},{"taxonomy":"product_tag","embeddable":true,"href":"https:\/\/bituumensindel24.ee\/fi\/wp-json\/wp\/v2\/product_tag?post=1222"}],"curies":[{"name":"wp","href":"https:\/\/api.w.org\/{rel}","templated":true}]}}