{"id":1212,"date":"2022-11-23T13:41:58","date_gmt":"2022-11-23T11:41:58","guid":{"rendered":"https:\/\/bituumensindel24.ee\/?post_type=product&#038;p=1212"},"modified":"2023-12-27T18:10:45","modified_gmt":"2023-12-27T16:10:45","slug":"vilpe-nv-kinnituse-vahepuks-55mm","status":"publish","type":"product","link":"https:\/\/bituumensindel24.ee\/fi\/toode\/vilpe-nv-kinnituse-vahepuks-55mm\/","title":{"rendered":"Vilpe NV naulausv\u00e4like 55mm"},"content":{"rendered":"<p>K\u00e4ytt\u00f6kohteet: Rungon ja ulkoverhouksen kiinnitysrimojen v\u00e4likkeeksi lautaverhotussa ulkosein\u00e4rakenteessa. Naulausv\u00e4likkeiden avulla tehty rakenne parantaa l\u00e4mm\u00f6neristyst\u00e4 ja s\u00e4\u00e4st\u00e4\u00e4 puumateriaalia, koska se on yksinkertaisempi. Naulausv\u00e4like valitaan eristepaksuuden mukaan. Soveltuu k\u00e4ytett\u00e4v\u00e4ksi sek\u00e4 pehmeiden ett\u00e4 kovien eristeiden kanssa.<\/p>","protected":false},"excerpt":{"rendered":"<p>Pakkauksen koko: 250 kpl<\/p>\n","protected":false},"featured_media":1213,"comment_status":"closed","ping_status":"closed","template":"","meta":[],"product_brand":[],"product_cat":[57],"product_tag":[296,297,298],"class_list":{"0":"post-1212","1":"product","2":"type-product","3":"status-publish","4":"has-post-thumbnail","6":"product_cat-kinnitustarvikud","7":"product_tag-vilpe-nv-kinnituse-vahepuks","8":"product_tag-vilpe-nv-naulausvalike","9":"product_tag-vilpe-nv--","11":"first","12":"onbackorder","13":"sale","14":"taxable","15":"shipping-taxable","16":"purchasable","17":"product-type-simple"},"aioseo_notices":[],"_links":{"self":[{"href":"https:\/\/bituumensindel24.ee\/fi\/wp-json\/wp\/v2\/product\/1212","targetHints":{"allow":["GET"]}}],"collection":[{"href":"https:\/\/bituumensindel24.ee\/fi\/wp-json\/wp\/v2\/product"}],"about":[{"href":"https:\/\/bituumensindel24.ee\/fi\/wp-json\/wp\/v2\/types\/product"}],"replies":[{"embeddable":true,"href":"https:\/\/bituumensindel24.ee\/fi\/wp-json\/wp\/v2\/comments?post=1212"}],"wp:featuredmedia":[{"embeddable":true,"href":"https:\/\/bituumensindel24.ee\/fi\/wp-json\/wp\/v2\/media\/1213"}],"wp:attachment":[{"href":"https:\/\/bituumensindel24.ee\/fi\/wp-json\/wp\/v2\/media?parent=1212"}],"wp:term":[{"taxonomy":"product_brand","embeddable":true,"href":"https:\/\/bituumensindel24.ee\/fi\/wp-json\/wp\/v2\/product_brand?post=1212"},{"taxonomy":"product_cat","embeddable":true,"href":"https:\/\/bituumensindel24.ee\/fi\/wp-json\/wp\/v2\/product_cat?post=1212"},{"taxonomy":"product_tag","embeddable":true,"href":"https:\/\/bituumensindel24.ee\/fi\/wp-json\/wp\/v2\/product_tag?post=1212"}],"curies":[{"name":"wp","href":"https:\/\/api.w.org\/{rel}","templated":true}]}}