{"id":1188,"date":"2022-11-23T09:29:46","date_gmt":"2022-11-23T07:29:46","guid":{"rendered":"https:\/\/bituumensindel24.ee\/?post_type=product&#038;p=1188"},"modified":"2025-08-04T09:03:47","modified_gmt":"2025-08-04T06:03:47","slug":"vilpe-am-protan-katusekaev-50mm-helehall","status":"publish","type":"product","link":"https:\/\/bituumensindel24.ee\/fi\/toode\/vilpe-am-protan-katusekaev-50mm-helehall\/","title":{"rendered":"Vilpe AM Protan kattokaivo 50mm vaalean harmaa"},"content":{"rendered":"<p>K\u00e4ytt\u00f6kohteet: Protan-kate. AM-50 ja AM-75 kattokaivot toimivat sek\u00e4 umpivirtauskaivoina ett\u00e4 perinteisin\u00e4 kattokaivoina.<\/p>","protected":false},"excerpt":{"rendered":"<p>Sis\u00e4lt\u00f6: Kattokaivo, lehtisihti, umpivirtaussihti, liimamassa.<\/p>\n","protected":false},"featured_media":1189,"comment_status":"closed","ping_status":"closed","template":"","meta":[],"product_brand":[],"product_cat":[59],"product_tag":[262,261,276],"class_list":{"0":"post-1188","1":"product","2":"type-product","3":"status-publish","4":"has-post-thumbnail","6":"product_cat-katusekaevud","7":"product_tag-vilpe-am-protan-kattokaivo-50mm","8":"product_tag-vilpe-am-protan-katusekaev-50mm","9":"product_tag-vilpe----50mm--","11":"first","12":"onbackorder","13":"sale","14":"taxable","15":"shipping-taxable","16":"purchasable","17":"product-type-simple"},"aioseo_notices":[],"_links":{"self":[{"href":"https:\/\/bituumensindel24.ee\/fi\/wp-json\/wp\/v2\/product\/1188","targetHints":{"allow":["GET"]}}],"collection":[{"href":"https:\/\/bituumensindel24.ee\/fi\/wp-json\/wp\/v2\/product"}],"about":[{"href":"https:\/\/bituumensindel24.ee\/fi\/wp-json\/wp\/v2\/types\/product"}],"replies":[{"embeddable":true,"href":"https:\/\/bituumensindel24.ee\/fi\/wp-json\/wp\/v2\/comments?post=1188"}],"wp:featuredmedia":[{"embeddable":true,"href":"https:\/\/bituumensindel24.ee\/fi\/wp-json\/wp\/v2\/media\/1189"}],"wp:attachment":[{"href":"https:\/\/bituumensindel24.ee\/fi\/wp-json\/wp\/v2\/media?parent=1188"}],"wp:term":[{"taxonomy":"product_brand","embeddable":true,"href":"https:\/\/bituumensindel24.ee\/fi\/wp-json\/wp\/v2\/product_brand?post=1188"},{"taxonomy":"product_cat","embeddable":true,"href":"https:\/\/bituumensindel24.ee\/fi\/wp-json\/wp\/v2\/product_cat?post=1188"},{"taxonomy":"product_tag","embeddable":true,"href":"https:\/\/bituumensindel24.ee\/fi\/wp-json\/wp\/v2\/product_tag?post=1188"}],"curies":[{"name":"wp","href":"https:\/\/api.w.org\/{rel}","templated":true}]}}