{"id":1157,"date":"2022-11-22T11:08:51","date_gmt":"2022-11-22T09:08:51","guid":{"rendered":"https:\/\/bituumensindel24.ee\/?post_type=product&#038;p=1157"},"modified":"2023-12-27T17:57:52","modified_gmt":"2023-12-27T15:57:52","slug":"vilpe-solar-bituumeni-korge-labiviik-must","status":"publish","type":"product","link":"https:\/\/bituumensindel24.ee\/fi\/toode\/vilpe-solar-bituumeni-korge-labiviik-must\/","title":{"rendered":"Vilpe Solar huopa korkea l\u00e4pivienti musta"},"content":{"rendered":"<p>Solar-l\u00e4pivienti on tarkoitettu aurinkoker\u00e4inten meno- ja paluuputkien, kaapeleiden ja muiden pienempien putkien l\u00e4pivientiin katolle. Solar-l\u00e4pivientivalikoimasta l\u00f6ytyy oma l\u00e4pivientiratkaisu kaikille katemateriaaleille. Tavallisesta l\u00e4piviennist\u00e4 poiketen, l\u00e4pivientiin on valmiiksi ruuvattu kiinni liitosrengas. Solar-l\u00e4pivientiin kuuluu kattol\u00e4piviennin lis\u00e4ksi kaulus, kansi, kutistesukka sek\u00e4 tuotteen kiinnitykseen tarvittavat ruuvit.<br \/>\nSolar-l\u00e4piviennin kansi on irrotettava, mik\u00e4 mahdollistaa helpon p\u00e4\u00e4syn putkiston huoltotoimenpiteisiin. Kaulus kansineen voidaan my\u00f6s k\u00e4\u00e4nt\u00e4\u00e4 sivuttain 90 astetta molempiin suuntiin putkiston tarvitseman kulkusuunnan mukaisesti. Solar-l\u00e4piviennin kauluksen etuosan aukon koko putkistolle on 100 mm x 60 mm.<br \/>\nL\u00e4piviennin laipan leveys on 150 mm ja padotuskorkeus 200 mm. Korkeaa huopal\u00e4pivienti\u00e4 suositellaan k\u00e4ytett\u00e4v\u00e4n sellaisilla loivilla katoilla, joiden kaltevuus on v\u00e4hemm\u00e4n kuin 1:5.<\/p>","protected":false},"excerpt":{"rendered":"<p>K\u00e4ytt\u00f6kohteet: Huopakatteet, kun kattokaltevuus on v\u00e4hemm\u00e4n kuin 1:5 (11,5 astetta).<br \/>\nAsennus kahden huopakerroksen v\u00e4liin.<br \/>\nMitat: Padotuskorkeus 200 mm.<br \/>\nSis\u00e4lt\u00f6: L\u00e4pivienti, kaulus, kansi, kutistesukka, ruuvit, asennusohje.<\/p>\n","protected":false},"featured_media":1158,"comment_status":"closed","ping_status":"closed","template":"","meta":[],"product_brand":[],"product_cat":[58],"product_tag":[240,241,242],"class_list":{"0":"post-1157","1":"product","2":"type-product","3":"status-publish","4":"has-post-thumbnail","6":"product_cat-bituumenkatuse-labiviigud","7":"product_tag-solar-bituumeni-labiviik","8":"product_tag-solar-huopa-korkea-lapivienti","9":"product_tag-solar-huopa---","11":"first","12":"instock","13":"sale","14":"taxable","15":"shipping-taxable","16":"purchasable","17":"product-type-simple"},"aioseo_notices":[],"_links":{"self":[{"href":"https:\/\/bituumensindel24.ee\/fi\/wp-json\/wp\/v2\/product\/1157","targetHints":{"allow":["GET"]}}],"collection":[{"href":"https:\/\/bituumensindel24.ee\/fi\/wp-json\/wp\/v2\/product"}],"about":[{"href":"https:\/\/bituumensindel24.ee\/fi\/wp-json\/wp\/v2\/types\/product"}],"replies":[{"embeddable":true,"href":"https:\/\/bituumensindel24.ee\/fi\/wp-json\/wp\/v2\/comments?post=1157"}],"wp:featuredmedia":[{"embeddable":true,"href":"https:\/\/bituumensindel24.ee\/fi\/wp-json\/wp\/v2\/media\/1158"}],"wp:attachment":[{"href":"https:\/\/bituumensindel24.ee\/fi\/wp-json\/wp\/v2\/media?parent=1157"}],"wp:term":[{"taxonomy":"product_brand","embeddable":true,"href":"https:\/\/bituumensindel24.ee\/fi\/wp-json\/wp\/v2\/product_brand?post=1157"},{"taxonomy":"product_cat","embeddable":true,"href":"https:\/\/bituumensindel24.ee\/fi\/wp-json\/wp\/v2\/product_cat?post=1157"},{"taxonomy":"product_tag","embeddable":true,"href":"https:\/\/bituumensindel24.ee\/fi\/wp-json\/wp\/v2\/product_tag?post=1157"}],"curies":[{"name":"wp","href":"https:\/\/api.w.org\/{rel}","templated":true}]}}