{"id":1155,"date":"2022-11-22T10:54:12","date_gmt":"2022-11-22T08:54:12","guid":{"rendered":"https:\/\/bituumensindel24.ee\/?post_type=product&#038;p=1155"},"modified":"2024-04-23T14:48:28","modified_gmt":"2024-04-23T11:48:28","slug":"vilpe-xl-bituumeni-korge-labiviik-hall","status":"publish","type":"product","link":"https:\/\/bituumensindel24.ee\/fi\/toode\/vilpe-xl-bituumeni-korge-labiviik-hall\/","title":{"rendered":"Vilpe XL huopa korkea l\u00e4pivienti harmaa"},"content":{"rendered":"<p>XL Huopa Korkea -l\u00e4piviennin padotuskorkeus on 300 mm ja laipan leveys on 152\/154 mm. L\u00e4piviennin korkea padotuskorkeus est\u00e4\u00e4 veden p\u00e4\u00e4syn katolta rakenteisiin, jos vedenpinta nousee.<\/p>\n<p>Tuote sopii kanavakoon 160\u2013250 mm P-sarjan poistoputkiin ja huippuimureihin. Huom. Jos putken kanavakoko on 160 mm, on suositeltavaa k\u00e4ytt\u00e4\u00e4 P-sarjan XL-koon poistoputkea ja XL-koon l\u00e4pivienti\u00e4, jotta putken eristett\u00e4vyys on parempi.<\/p>","protected":false},"excerpt":{"rendered":"<p>K\u00e4ytt\u00f6kohteet: Huopakatteet, kun kattokaltevuus on v\u00e4hemm\u00e4n kuin 1:5 (11,5 astetta).<br \/>\nMitat: Padotuskorkeus 300 mm.<br \/>\nSis\u00e4lt\u00f6: L\u00e4pivienti.<br \/>\nK\u00e4ytet\u00e4\u00e4n VILPE P-sarjan XL-kokoisten \u00d8160\u2013250 mm:n tuuletus-ja poistoputkien sek\u00e4 huippuimureiden kanssa.<\/p>\n","protected":false},"featured_media":1156,"comment_status":"closed","ping_status":"closed","template":"","meta":[],"product_brand":[],"product_cat":[58,439],"product_tag":[239,237,238],"class_list":{"0":"post-1155","1":"product","2":"type-product","3":"status-publish","4":"has-post-thumbnail","6":"product_cat-bituumenkatuse-labiviigud","7":"product_cat-bituumeni-labiviik","8":"product_tag-vilpe-xl-huopa---","9":"product_tag-vilpe-xl-bituumeni-korge-labiviik","10":"product_tag-vilpe-xl-houpa-korkea-lapivienti","12":"first","13":"instock","14":"sale","15":"taxable","16":"shipping-taxable","17":"purchasable","18":"product-type-simple"},"aioseo_notices":[],"_links":{"self":[{"href":"https:\/\/bituumensindel24.ee\/fi\/wp-json\/wp\/v2\/product\/1155","targetHints":{"allow":["GET"]}}],"collection":[{"href":"https:\/\/bituumensindel24.ee\/fi\/wp-json\/wp\/v2\/product"}],"about":[{"href":"https:\/\/bituumensindel24.ee\/fi\/wp-json\/wp\/v2\/types\/product"}],"replies":[{"embeddable":true,"href":"https:\/\/bituumensindel24.ee\/fi\/wp-json\/wp\/v2\/comments?post=1155"}],"wp:featuredmedia":[{"embeddable":true,"href":"https:\/\/bituumensindel24.ee\/fi\/wp-json\/wp\/v2\/media\/1156"}],"wp:attachment":[{"href":"https:\/\/bituumensindel24.ee\/fi\/wp-json\/wp\/v2\/media?parent=1155"}],"wp:term":[{"taxonomy":"product_brand","embeddable":true,"href":"https:\/\/bituumensindel24.ee\/fi\/wp-json\/wp\/v2\/product_brand?post=1155"},{"taxonomy":"product_cat","embeddable":true,"href":"https:\/\/bituumensindel24.ee\/fi\/wp-json\/wp\/v2\/product_cat?post=1155"},{"taxonomy":"product_tag","embeddable":true,"href":"https:\/\/bituumensindel24.ee\/fi\/wp-json\/wp\/v2\/product_tag?post=1155"}],"curies":[{"name":"wp","href":"https:\/\/api.w.org\/{rel}","templated":true}]}}