{"id":1149,"date":"2022-11-22T09:42:46","date_gmt":"2022-11-22T07:42:46","guid":{"rendered":"https:\/\/bituumensindel24.ee\/?post_type=product&#038;p=1149"},"modified":"2023-12-27T17:57:52","modified_gmt":"2023-12-27T15:57:52","slug":"vilpe-xl-bituumeni-labiviik-savipunane","status":"publish","type":"product","link":"https:\/\/bituumensindel24.ee\/fi\/toode\/vilpe-xl-bituumeni-labiviik-savipunane\/","title":{"rendered":"Vilpe XL huopa l\u00e4pivienti savitiilenpunainen"},"content":{"rendered":"<p>HUOM!XL Huopa -l\u00e4pivienti on kahden huopakerroksen v\u00e4liin asennettava l\u00e4pivienti VILPE P-sarjan halkaisijaltaan 160\u2013250 mm:n XL putkille ja -huippuimureille sek\u00e4 piippukumille. XL Huopa-l\u00e4piviennin laipan leveys on 150 mm ja l\u00e4piviennin kokonaisleveys 590 mm ja pituus 800 mm.<\/p>","protected":false},"excerpt":{"rendered":"<p>K\u00e4ytt\u00f6kohteet: Huopakatteet.<br \/>\nAsennus kahden huopakerroksen v\u00e4liin.<br \/>\nMinimikattokaltevuus 1:5 (11,5\u00b0).<br \/>\nMitat: Laipan leveys 150 mm.<br \/>\nSis\u00e4lt\u00f6: L\u00e4pivienti.<\/p>\n","protected":false},"featured_media":1150,"comment_status":"closed","ping_status":"closed","template":"","meta":[],"product_brand":[],"product_cat":[58,439],"product_tag":[236,234,235],"class_list":{"0":"post-1149","1":"product","2":"type-product","3":"status-publish","4":"has-post-thumbnail","6":"product_cat-bituumenkatuse-labiviigud","7":"product_cat-bituumeni-labiviik","8":"product_tag-vilpe-xl-huopa--","9":"product_tag-vilpe-xl-bituumeni-labiviik","10":"product_tag-vilpe-xl-huopa-lapivienti","12":"first","13":"instock","14":"sale","15":"taxable","16":"shipping-taxable","17":"purchasable","18":"product-type-simple"},"aioseo_notices":[],"_links":{"self":[{"href":"https:\/\/bituumensindel24.ee\/fi\/wp-json\/wp\/v2\/product\/1149","targetHints":{"allow":["GET"]}}],"collection":[{"href":"https:\/\/bituumensindel24.ee\/fi\/wp-json\/wp\/v2\/product"}],"about":[{"href":"https:\/\/bituumensindel24.ee\/fi\/wp-json\/wp\/v2\/types\/product"}],"replies":[{"embeddable":true,"href":"https:\/\/bituumensindel24.ee\/fi\/wp-json\/wp\/v2\/comments?post=1149"}],"wp:featuredmedia":[{"embeddable":true,"href":"https:\/\/bituumensindel24.ee\/fi\/wp-json\/wp\/v2\/media\/1150"}],"wp:attachment":[{"href":"https:\/\/bituumensindel24.ee\/fi\/wp-json\/wp\/v2\/media?parent=1149"}],"wp:term":[{"taxonomy":"product_brand","embeddable":true,"href":"https:\/\/bituumensindel24.ee\/fi\/wp-json\/wp\/v2\/product_brand?post=1149"},{"taxonomy":"product_cat","embeddable":true,"href":"https:\/\/bituumensindel24.ee\/fi\/wp-json\/wp\/v2\/product_cat?post=1149"},{"taxonomy":"product_tag","embeddable":true,"href":"https:\/\/bituumensindel24.ee\/fi\/wp-json\/wp\/v2\/product_tag?post=1149"}],"curies":[{"name":"wp","href":"https:\/\/api.w.org\/{rel}","templated":true}]}}