{"id":1131,"date":"2022-11-21T13:58:27","date_gmt":"2022-11-21T11:58:27","guid":{"rendered":"https:\/\/bituumensindel24.ee\/?post_type=product&#038;p=1131"},"modified":"2023-12-27T17:57:52","modified_gmt":"2023-12-27T15:57:52","slug":"vilpe-collar-pvc-krae-hall","status":"publish","type":"product","link":"https:\/\/bituumensindel24.ee\/fi\/toode\/vilpe-collar-pvc-krae-hall\/","title":{"rendered":"Collar PVC -kaulus Huopa Korkea -l\u00e4piviennille harmaa"},"content":{"rendered":"<p>VILPE Collar PVC -kauluksella asennat Korkean Huopa-l\u00e4piviennin helposti ja vesitiiviisti PVC-kateelle. Collar PVC -kaulus on valmistettu samasta materiaalista kuin PVC-kate, joten se asennetaan samalla tavalla hitsaamalla kuin itse katemateriaalikin. Asentamalla Korkean Huopa-l\u00e4piviennin PVC-katteelle k\u00e4ytt\u00e4m\u00e4ll\u00e4 VILPE Collar PVC-kaulusta saat vesitiiviin ja siistin lopputuloksen.<\/p>","protected":false},"excerpt":{"rendered":"<p>K\u00e4ytt\u00f6kohteet: Huopa-l\u00e4pivienti Korkean asentamiseen PVC-katteelle.<br \/>\nSis\u00e4lt\u00f6: PVC-materiaalista valmistettu kaulus.<\/p>\n","protected":false},"featured_media":1132,"comment_status":"closed","ping_status":"closed","template":"","meta":[],"product_brand":[],"product_cat":[58,439],"product_tag":[233,232,231],"class_list":{"0":"post-1131","1":"product","2":"type-product","3":"status-publish","4":"has-post-thumbnail","6":"product_cat-bituumenkatuse-labiviigud","7":"product_cat-bituumeni-labiviik","8":"product_tag-collar-pvc-kaulus-huopa-korkea-lapiviennille-harmaa","9":"product_tag-vilpe-collar-pvc-","10":"product_tag-vilpe-collar-pvc-krae","12":"first","13":"instock","14":"sale","15":"taxable","16":"shipping-taxable","17":"purchasable","18":"product-type-simple"},"aioseo_notices":[],"_links":{"self":[{"href":"https:\/\/bituumensindel24.ee\/fi\/wp-json\/wp\/v2\/product\/1131","targetHints":{"allow":["GET"]}}],"collection":[{"href":"https:\/\/bituumensindel24.ee\/fi\/wp-json\/wp\/v2\/product"}],"about":[{"href":"https:\/\/bituumensindel24.ee\/fi\/wp-json\/wp\/v2\/types\/product"}],"replies":[{"embeddable":true,"href":"https:\/\/bituumensindel24.ee\/fi\/wp-json\/wp\/v2\/comments?post=1131"}],"wp:featuredmedia":[{"embeddable":true,"href":"https:\/\/bituumensindel24.ee\/fi\/wp-json\/wp\/v2\/media\/1132"}],"wp:attachment":[{"href":"https:\/\/bituumensindel24.ee\/fi\/wp-json\/wp\/v2\/media?parent=1131"}],"wp:term":[{"taxonomy":"product_brand","embeddable":true,"href":"https:\/\/bituumensindel24.ee\/fi\/wp-json\/wp\/v2\/product_brand?post=1131"},{"taxonomy":"product_cat","embeddable":true,"href":"https:\/\/bituumensindel24.ee\/fi\/wp-json\/wp\/v2\/product_cat?post=1131"},{"taxonomy":"product_tag","embeddable":true,"href":"https:\/\/bituumensindel24.ee\/fi\/wp-json\/wp\/v2\/product_tag?post=1131"}],"curies":[{"name":"wp","href":"https:\/\/api.w.org\/{rel}","templated":true}]}}