{"id":1129,"date":"2022-11-21T13:24:34","date_gmt":"2022-11-21T11:24:34","guid":{"rendered":"https:\/\/bituumensindel24.ee\/?post_type=product&#038;p=1129"},"modified":"2023-12-27T17:57:52","modified_gmt":"2023-12-27T15:57:52","slug":"vilpe-bituumeni-korge-labiviik-hall","status":"publish","type":"product","link":"https:\/\/bituumensindel24.ee\/fi\/toode\/vilpe-bituumeni-korge-labiviik-hall\/","title":{"rendered":"Vilpe huopa korkea l\u00e4pivienti harmaa"},"content":{"rendered":"<p>Huopa Korkea -l\u00e4pivienti sopii VILPE-poistoputkille ja -huippuimureille, joiden halkaisija on 110-160 mm. Lis\u00e4ksi se sopii VILPE-antennikaulukseen. L\u00e4piviennin laipan leveys on 150 mm ja padotuskorkeus 200 mm. L\u00e4piviennin korkea padotuskorkeus est\u00e4\u00e4 veden p\u00e4\u00e4syn katolta rakenteisiin, jos vedenpinta nousee.<\/p>","protected":false},"excerpt":{"rendered":"<p>K\u00e4ytt\u00f6kohteet: Huopakatteet, kun kattokaltevuus on v\u00e4hemm\u00e4n kuin 1:5 (11,5 astetta).<br \/>\nHuopa Korkea -l\u00e4pivienti sopii VILPE-poistoputkille ja -huippuimureille, joiden halkaisija on 110-160 mm<br \/>\nMitat: Padotuskorkeus 200 mm.<br \/>\nSis\u00e4lt\u00f6: L\u00e4pivienti.<\/p>\n","protected":false},"featured_media":1130,"comment_status":"closed","ping_status":"closed","template":"","meta":[],"product_brand":[],"product_cat":[58,439],"product_tag":[228,229,227],"class_list":{"0":"post-1129","1":"product","2":"type-product","3":"status-publish","4":"has-post-thumbnail","6":"product_cat-bituumenkatuse-labiviigud","7":"product_cat-bituumeni-labiviik","8":"product_tag-vilpe-bituumeni-korge-labiviik","9":"product_tag-vilpe-huopa-korkea-lapivienti","10":"product_tag-vilpe---","12":"first","13":"instock","14":"sale","15":"taxable","16":"shipping-taxable","17":"purchasable","18":"product-type-simple"},"aioseo_notices":[],"_links":{"self":[{"href":"https:\/\/bituumensindel24.ee\/fi\/wp-json\/wp\/v2\/product\/1129","targetHints":{"allow":["GET"]}}],"collection":[{"href":"https:\/\/bituumensindel24.ee\/fi\/wp-json\/wp\/v2\/product"}],"about":[{"href":"https:\/\/bituumensindel24.ee\/fi\/wp-json\/wp\/v2\/types\/product"}],"replies":[{"embeddable":true,"href":"https:\/\/bituumensindel24.ee\/fi\/wp-json\/wp\/v2\/comments?post=1129"}],"wp:featuredmedia":[{"embeddable":true,"href":"https:\/\/bituumensindel24.ee\/fi\/wp-json\/wp\/v2\/media\/1130"}],"wp:attachment":[{"href":"https:\/\/bituumensindel24.ee\/fi\/wp-json\/wp\/v2\/media?parent=1129"}],"wp:term":[{"taxonomy":"product_brand","embeddable":true,"href":"https:\/\/bituumensindel24.ee\/fi\/wp-json\/wp\/v2\/product_brand?post=1129"},{"taxonomy":"product_cat","embeddable":true,"href":"https:\/\/bituumensindel24.ee\/fi\/wp-json\/wp\/v2\/product_cat?post=1129"},{"taxonomy":"product_tag","embeddable":true,"href":"https:\/\/bituumensindel24.ee\/fi\/wp-json\/wp\/v2\/product_tag?post=1129"}],"curies":[{"name":"wp","href":"https:\/\/api.w.org\/{rel}","templated":true}]}}