{"id":1109,"date":"2022-11-20T17:41:33","date_gmt":"2022-11-20T15:41:33","guid":{"rendered":"https:\/\/bituumensindel24.ee\/?post_type=product&#038;p=1109"},"modified":"2023-12-27T17:57:52","modified_gmt":"2023-12-27T15:57:52","slug":"vilpe-bituumeni-labiviik-must","status":"publish","type":"product","link":"https:\/\/bituumensindel24.ee\/fi\/toode\/vilpe-bituumeni-labiviik-must\/","title":{"rendered":"Vilpe huopa l\u00e4pivienti musta"},"content":{"rendered":"<p>K\u00e4ytt\u00f6kohteet: Uudet huopakatteet. Suosittelemme k\u00e4ytt\u00e4m\u00e4\u00e4n XL-l\u00e4pivienti\u00e4 160 mm:n kokoiselle putkelle. Huopa-l\u00e4pivienti on kahden huopakerroksen v\u00e4liin asennettava l\u00e4pivienti VILPE P-sarjan halkaisijaltaan 110\u2013160 mm:n putkille ja huippuimureille sek\u00e4 antennikauluksille. Huopa-l\u00e4piviennin laipan leveys on 150 mm ja l\u00e4piviennin kokonaisleveys 488 mm ja pituus 583 mm.<\/p>","protected":false},"excerpt":{"rendered":"<p>Asennetaan kahden huopakerroksen v\u00e4liin.<br \/>\nMinimikattokaltevuus 1:5 (11,5\u00b0).<br \/>\nMitat: Laipan leveys 150 mm.<br \/>\nSis\u00e4lt\u00f6: L\u00e4pivienti<br \/>\nK\u00e4ytet\u00e4\u00e4n VILPE P-sarjan \u00d875\u2013160 mm:n tuuletus- ja poistoputkien sek\u00e4 huippuimureiden kanssa.<\/p>\n","protected":false},"featured_media":1110,"comment_status":"closed","ping_status":"closed","template":"","meta":[],"product_brand":[],"product_cat":[58,439],"product_tag":[226,225,227],"class_list":{"0":"post-1109","1":"product","2":"type-product","3":"status-publish","4":"has-post-thumbnail","6":"product_cat-bituumenkatuse-labiviigud","7":"product_cat-bituumeni-labiviik","8":"product_tag-vilpe-bituumeni-labiviik","9":"product_tag-vilpe-huopa-lapivienti","10":"product_tag-vilpe---","12":"first","13":"instock","14":"sale","15":"taxable","16":"shipping-taxable","17":"purchasable","18":"product-type-simple"},"aioseo_notices":[],"_links":{"self":[{"href":"https:\/\/bituumensindel24.ee\/fi\/wp-json\/wp\/v2\/product\/1109","targetHints":{"allow":["GET"]}}],"collection":[{"href":"https:\/\/bituumensindel24.ee\/fi\/wp-json\/wp\/v2\/product"}],"about":[{"href":"https:\/\/bituumensindel24.ee\/fi\/wp-json\/wp\/v2\/types\/product"}],"replies":[{"embeddable":true,"href":"https:\/\/bituumensindel24.ee\/fi\/wp-json\/wp\/v2\/comments?post=1109"}],"wp:featuredmedia":[{"embeddable":true,"href":"https:\/\/bituumensindel24.ee\/fi\/wp-json\/wp\/v2\/media\/1110"}],"wp:attachment":[{"href":"https:\/\/bituumensindel24.ee\/fi\/wp-json\/wp\/v2\/media?parent=1109"}],"wp:term":[{"taxonomy":"product_brand","embeddable":true,"href":"https:\/\/bituumensindel24.ee\/fi\/wp-json\/wp\/v2\/product_brand?post=1109"},{"taxonomy":"product_cat","embeddable":true,"href":"https:\/\/bituumensindel24.ee\/fi\/wp-json\/wp\/v2\/product_cat?post=1109"},{"taxonomy":"product_tag","embeddable":true,"href":"https:\/\/bituumensindel24.ee\/fi\/wp-json\/wp\/v2\/product_tag?post=1109"}],"curies":[{"name":"wp","href":"https:\/\/api.w.org\/{rel}","templated":true}]}}