{"id":1099,"date":"2022-11-20T14:17:25","date_gmt":"2022-11-20T12:17:25","guid":{"rendered":"https:\/\/bituumensindel24.ee\/?post_type=product&#038;p=1099"},"modified":"2024-04-24T11:26:55","modified_gmt":"2024-04-24T08:26:55","slug":"vilpe-hs-bituumeni-kiltkivi-labiviik-pruun","status":"publish","type":"product","link":"https:\/\/bituumensindel24.ee\/fi\/toode\/vilpe-hs-bituumeni-kiltkivi-labiviik-pruun\/","title":{"rendered":"Vilpe HS huopa-slate l\u00e4pivienti ruskea"},"content":{"rendered":"<p>K\u00e4ytt\u00f6kohteet: Pala- ja rullahuopakatteet sek\u00e4 tasaiset laattakatteet. Korvaa vanhan VILPE Huopa-l\u00e4piviennin.<br \/>\nVILPE HS Huopa\/Slate -l\u00e4piviennill\u00e4 asennat vaivattomasti palahuopakatteelle poistoputket, huippuimurit ja muut VILPE-tuotteet. Uuden muotoilunsa ansiosta HS Huopa\/Slate k\u00e4y entist\u00e4 jyrkemm\u00e4lle katolle ja on helpompi asentaa. VILPE HS Huopa\/Slate \u2013 l\u00e4piviennin voi asentaa my\u00f6s muista materiaaleista valmistetuille tasaisille laattakatteille.<\/p>","protected":false},"excerpt":{"rendered":"<p>L\u00e4pivienti on suunniteltu: \u00d8 110, \u00d8 125 ja \u00d8 160 mm<br \/>\nMinimikattokaltevuus 1:5 (11,5\u00b0).<br \/>\nSis\u00e4lt\u00f6: L\u00e4pivienti, ruuvit, asennusohje.<\/p>\n","protected":false},"featured_media":1100,"comment_status":"closed","ping_status":"closed","template":"","meta":[],"product_brand":[],"product_cat":[58,439],"product_tag":[222,223,224],"class_list":{"0":"post-1099","1":"product","2":"type-product","3":"status-publish","4":"has-post-thumbnail","6":"product_cat-bituumenkatuse-labiviigud","7":"product_cat-bituumeni-labiviik","8":"product_tag-vilpe-hs-bituumeni-kiltkivi-labiviik","9":"product_tag-vilpe-hs-huopa-slate-lapivienti","10":"product_tag-vilpe-hs-----","12":"first","13":"instock","14":"sale","15":"taxable","16":"shipping-taxable","17":"purchasable","18":"product-type-simple"},"aioseo_notices":[],"_links":{"self":[{"href":"https:\/\/bituumensindel24.ee\/fi\/wp-json\/wp\/v2\/product\/1099","targetHints":{"allow":["GET"]}}],"collection":[{"href":"https:\/\/bituumensindel24.ee\/fi\/wp-json\/wp\/v2\/product"}],"about":[{"href":"https:\/\/bituumensindel24.ee\/fi\/wp-json\/wp\/v2\/types\/product"}],"replies":[{"embeddable":true,"href":"https:\/\/bituumensindel24.ee\/fi\/wp-json\/wp\/v2\/comments?post=1099"}],"wp:featuredmedia":[{"embeddable":true,"href":"https:\/\/bituumensindel24.ee\/fi\/wp-json\/wp\/v2\/media\/1100"}],"wp:attachment":[{"href":"https:\/\/bituumensindel24.ee\/fi\/wp-json\/wp\/v2\/media?parent=1099"}],"wp:term":[{"taxonomy":"product_brand","embeddable":true,"href":"https:\/\/bituumensindel24.ee\/fi\/wp-json\/wp\/v2\/product_brand?post=1099"},{"taxonomy":"product_cat","embeddable":true,"href":"https:\/\/bituumensindel24.ee\/fi\/wp-json\/wp\/v2\/product_cat?post=1099"},{"taxonomy":"product_tag","embeddable":true,"href":"https:\/\/bituumensindel24.ee\/fi\/wp-json\/wp\/v2\/product_tag?post=1099"}],"curies":[{"name":"wp","href":"https:\/\/api.w.org\/{rel}","templated":true}]}}