{"id":1051,"date":"2022-06-10T12:04:25","date_gmt":"2022-06-10T09:04:25","guid":{"rendered":"https:\/\/bituumensindel24.ee\/?post_type=product&#038;p=1051"},"modified":"2024-04-14T10:05:53","modified_gmt":"2024-04-14T07:05:53","slug":"katepal-ambient-bituumensindel-vasepruun","status":"publish","type":"product","link":"https:\/\/bituumensindel24.ee\/fi\/toode\/katepal-ambient-bituumensindel-vasepruun\/","title":{"rendered":"Katepal Ambient kattolaatta kuparinruskea"},"content":{"rendered":"<p>Kotimaiset Katepal-kattolaatat ovat oikea valinta niin uudis- kuin saneerauskohteisiinkin. Laatat on valmistettu SBS-kumibitumista, jonka ominaisuudet ovat huippuluokkaa.<\/p>\n<p>Kattolaatat ovat kest\u00e4vi\u00e4, sitkeit\u00e4 ja joustavia. Ne kirjaimellisesti taipuvat kohteeseen kuin kohteeseen. Yhdess\u00e4 aluskatteen kanssa ne muodostavat tiiviin kokonaisuuden. Kattolaatta on hiljainen katevalinta. Se ei ropise sateella, tai pauku tuulella.<\/p>\n<p>Ambient on oivallinen valinta, kun haluat n\u00e4ytt\u00e4v\u00e4n kattopinnan korostamaan rakennuksen arkkitehtonista ilmett\u00e4. T\u00e4m\u00e4 laattamalli muistuttaa muotokielelt\u00e4\u00e4n paanukattoa.<\/p>","protected":false},"excerpt":{"rendered":"<div class=\"woocommerce-product-details__short-description\">\n<div class=\"woocommerce-product-details__short-description\">\n<div class=\"woocommerce-product-details__short-description\">\n<div class=\"woocommerce-product-details__short-description\">\n<div class=\"woocommerce-product-details__short-description\">\n<div class=\"woocommerce-product-details__short-description\">\n<ul>\n<li><span class=\"VIiyi\" lang=\"fi\"><span class=\"JLqJ4b ChMk0b\" data-language-for-alternatives=\"fi\" data-language-to-translate-into=\"et\" data-phrase-index=\"8\" data-number-of-phrases=\"13\"><span class=\"Q4iAWc\"><span dir=\"ltr\" role=\"presentation\">Minimikaltevuus<\/span>: 11 \u00b0<\/span><\/span><\/span><\/li>\n<li><span class=\"VIiyi\" lang=\"fi\"><span class=\"JLqJ4b ChMk0b\" data-language-for-alternatives=\"fi\" data-language-to-translate-into=\"et\" data-phrase-index=\"0\" data-number-of-phrases=\"13\"><span class=\"Q4iAWc\">Leveys: 1000 mm<\/span><\/span> <\/span><\/li>\n<li><span class=\"VIiyi\" lang=\"fi\"><span class=\"JLqJ4b ChMk0b\" data-language-for-alternatives=\"fi\" data-language-to-translate-into=\"et\" data-phrase-index=\"2\" data-number-of-phrases=\"13\"><span class=\"Q4iAWc\">Korkeus: 341 mm<\/span><\/span> <\/span><\/li>\n<li><span class=\"VIiyi\" lang=\"fi\"><span class=\"JLqJ4b ChMk0b\" data-language-for-alternatives=\"fi\" data-language-to-translate-into=\"et\" data-phrase-index=\"4\" data-number-of-phrases=\"13\"><span class=\"Q4iAWc\">Pakkaus: 17 kpl\/ 2.18 m2<\/span><\/span> <\/span><\/li>\n<li>Menekki: 7,8 kpl\/ m2<\/li>\n<li><span class=\"VIiyi\" lang=\"fi\"><span class=\"JLqJ4b ChMk0b\" data-language-for-alternatives=\"fi\" data-language-to-translate-into=\"et\" data-phrase-index=\"6\" data-number-of-phrases=\"13\"><span class=\"Q4iAWc\">Paino: 25 kg\/pk<\/span><\/span> <\/span><\/li>\n<li>Lava koko: 36 kpl<\/li>\n<li><span class=\"VIiyi\" lang=\"fi\"><span class=\"JLqJ4b ChMk0b\" data-language-for-alternatives=\"fi\" data-language-to-translate-into=\"et\" data-phrase-index=\"10\" data-number-of-phrases=\"13\"><span class=\"Q4iAWc\">aluspinta: <span dir=\"ltr\" role=\"presentation\">Itseliimautuva<\/span><\/span><\/span> <\/span><\/li>\n<li><span class=\"VIiyi\" lang=\"fi\"><span class=\"JLqJ4b ChMk0b\" data-language-for-alternatives=\"fi\" data-language-to-translate-into=\"et\" data-phrase-index=\"12\" data-number-of-phrases=\"13\"><span class=\"Q4iAWc\">Takuu 15 vuotta<\/span><\/span><\/span><\/li>\n<\/ul>\n<\/div>\n<\/div>\n<\/div>\n<\/div>\n<\/div>\n<\/div>\n","protected":false},"featured_media":1052,"comment_status":"closed","ping_status":"closed","template":"","meta":[],"product_brand":[],"product_cat":[210],"product_tag":[211,213,212],"class_list":{"0":"post-1051","1":"product","2":"type-product","3":"status-publish","4":"has-post-thumbnail","6":"product_cat-ambient-bituumensindel","7":"product_tag-katepal-ambient-bituumensindel","8":"product_tag-katepal-ambient-kattolaatta","9":"product_tag-katepal-ambient--","11":"first","12":"onbackorder","13":"sale","14":"taxable","15":"shipping-taxable","16":"purchasable","17":"product-type-simple"},"aioseo_notices":[],"_links":{"self":[{"href":"https:\/\/bituumensindel24.ee\/fi\/wp-json\/wp\/v2\/product\/1051","targetHints":{"allow":["GET"]}}],"collection":[{"href":"https:\/\/bituumensindel24.ee\/fi\/wp-json\/wp\/v2\/product"}],"about":[{"href":"https:\/\/bituumensindel24.ee\/fi\/wp-json\/wp\/v2\/types\/product"}],"replies":[{"embeddable":true,"href":"https:\/\/bituumensindel24.ee\/fi\/wp-json\/wp\/v2\/comments?post=1051"}],"wp:featuredmedia":[{"embeddable":true,"href":"https:\/\/bituumensindel24.ee\/fi\/wp-json\/wp\/v2\/media\/1052"}],"wp:attachment":[{"href":"https:\/\/bituumensindel24.ee\/fi\/wp-json\/wp\/v2\/media?parent=1051"}],"wp:term":[{"taxonomy":"product_brand","embeddable":true,"href":"https:\/\/bituumensindel24.ee\/fi\/wp-json\/wp\/v2\/product_brand?post=1051"},{"taxonomy":"product_cat","embeddable":true,"href":"https:\/\/bituumensindel24.ee\/fi\/wp-json\/wp\/v2\/product_cat?post=1051"},{"taxonomy":"product_tag","embeddable":true,"href":"https:\/\/bituumensindel24.ee\/fi\/wp-json\/wp\/v2\/product_tag?post=1051"}],"curies":[{"name":"wp","href":"https:\/\/api.w.org\/{rel}","templated":true}]}}