{"id":1022,"date":"2022-06-09T12:56:01","date_gmt":"2022-06-09T09:56:01","guid":{"rendered":"https:\/\/bituumensindel24.ee\/?post_type=product&#038;p=1022"},"modified":"2024-04-14T10:06:25","modified_gmt":"2024-04-14T07:06:25","slug":"katepal-rocky-bituumensindel-sinine","status":"publish","type":"product","link":"https:\/\/bituumensindel24.ee\/fi\/toode\/katepal-rocky-bituumensindel-sinine\/","title":{"rendered":"Katepal Rocky kattolaatta satamansininen"},"content":{"rendered":"<p>Rocky kattolaatta- kotimaiset Katepal-kattolaatat ovat oikea valinta niin uudis- kuin saneerauskohteisiinkin. Laatat on valmistettu SBS-kumibitumista, jonka ominaisuudet ovat huippuluokkaa.<\/p>\n<p>Kattolaatat ovat kest\u00e4vi\u00e4, sitkeit\u00e4 ja joustavia. Ne kirjaimellisesti taipuvat kohteeseen kuin kohteeseen. Yhdess\u00e4 aluskatteen kanssa ne muodostavat tiiviin kokonaisuuden. Kattolaatta on hiljainen katevalinta. Se ei ropise sateella, tai pauku tuulella.<br \/>\nRocky-mallistosta l\u00f6ytyy sopiva vaihtoehto jokaiseen makuun ja kohteeseen. Labyrinttim\u00e4inen kuvio muodostaa katolle kauniin vaihtelevan, mutta s\u00e4\u00e4nn\u00f6llisen kuvion.<\/p>","protected":false},"excerpt":{"rendered":"<div class=\"woocommerce-product-details__short-description\">\n<div class=\"woocommerce-product-details__short-description\">\n<div class=\"woocommerce-product-details__short-description\">\n<ul>\n<li><span class=\"VIiyi\" lang=\"fi\"><span class=\"JLqJ4b ChMk0b\" data-language-for-alternatives=\"fi\" data-language-to-translate-into=\"et\" data-phrase-index=\"8\" data-number-of-phrases=\"13\"><span class=\"Q4iAWc\"><span dir=\"ltr\" role=\"presentation\">Minimikaltevuus<\/span>: 11 \u00b0<\/span><\/span><\/span><\/li>\n<li><span class=\"VIiyi\" lang=\"fi\"><span class=\"JLqJ4b ChMk0b\" data-language-for-alternatives=\"fi\" data-language-to-translate-into=\"et\" data-phrase-index=\"0\" data-number-of-phrases=\"13\"><span class=\"Q4iAWc\">Leveys: 1000 mm<\/span><\/span> <\/span><\/li>\n<li><span class=\"VIiyi\" lang=\"fi\"><span class=\"JLqJ4b ChMk0b\" data-language-for-alternatives=\"fi\" data-language-to-translate-into=\"et\" data-phrase-index=\"2\" data-number-of-phrases=\"13\"><span class=\"Q4iAWc\">Korkeus: 317 mm<\/span><\/span> <\/span><\/li>\n<li><span class=\"VIiyi\" lang=\"fi\"><span class=\"JLqJ4b ChMk0b\" data-language-for-alternatives=\"fi\" data-language-to-translate-into=\"et\" data-phrase-index=\"4\" data-number-of-phrases=\"13\"><span class=\"Q4iAWc\">Pakkaus: 22 kpl\/ 3 m2<\/span><\/span> <\/span><\/li>\n<li>Menekki: 7,33 kpl\/ m2<\/li>\n<li><span class=\"VIiyi\" lang=\"fi\"><span class=\"JLqJ4b ChMk0b\" data-language-for-alternatives=\"fi\" data-language-to-translate-into=\"et\" data-phrase-index=\"6\" data-number-of-phrases=\"13\"><span class=\"Q4iAWc\">Paino: 25 kg\/pk<\/span><\/span> <\/span><\/li>\n<li>Lava koko: 36 kpl<\/li>\n<li><span class=\"VIiyi\" lang=\"fi\"><span class=\"JLqJ4b ChMk0b\" data-language-for-alternatives=\"fi\" data-language-to-translate-into=\"et\" data-phrase-index=\"10\" data-number-of-phrases=\"13\"><span class=\"Q4iAWc\">aluspinta: <span dir=\"ltr\" role=\"presentation\">Itseliimautuva<\/span><\/span><\/span> <\/span><\/li>\n<li><span class=\"VIiyi\" lang=\"fi\"><span class=\"JLqJ4b ChMk0b\" data-language-for-alternatives=\"fi\" data-language-to-translate-into=\"et\" data-phrase-index=\"12\" data-number-of-phrases=\"13\"><span class=\"Q4iAWc\">Takuu 15 vuotta<\/span><\/span><\/span><\/li>\n<\/ul>\n<\/div>\n<\/div>\n<\/div>\n","protected":false},"featured_media":1023,"comment_status":"closed","ping_status":"closed","template":"","meta":[],"product_brand":[],"product_cat":[201],"product_tag":[202,204,203],"class_list":{"0":"post-1022","1":"product","2":"type-product","3":"status-publish","4":"has-post-thumbnail","6":"product_cat-rocky-bituumensindel","7":"product_tag-katepal-rocky-bituumensindel","8":"product_tag-katepal-rocky-kattolaatta","9":"product_tag-katepal-rocky--","11":"first","12":"onbackorder","13":"sale","14":"taxable","15":"shipping-taxable","16":"purchasable","17":"product-type-simple"},"aioseo_notices":[],"_links":{"self":[{"href":"https:\/\/bituumensindel24.ee\/fi\/wp-json\/wp\/v2\/product\/1022","targetHints":{"allow":["GET"]}}],"collection":[{"href":"https:\/\/bituumensindel24.ee\/fi\/wp-json\/wp\/v2\/product"}],"about":[{"href":"https:\/\/bituumensindel24.ee\/fi\/wp-json\/wp\/v2\/types\/product"}],"replies":[{"embeddable":true,"href":"https:\/\/bituumensindel24.ee\/fi\/wp-json\/wp\/v2\/comments?post=1022"}],"wp:featuredmedia":[{"embeddable":true,"href":"https:\/\/bituumensindel24.ee\/fi\/wp-json\/wp\/v2\/media\/1023"}],"wp:attachment":[{"href":"https:\/\/bituumensindel24.ee\/fi\/wp-json\/wp\/v2\/media?parent=1022"}],"wp:term":[{"taxonomy":"product_brand","embeddable":true,"href":"https:\/\/bituumensindel24.ee\/fi\/wp-json\/wp\/v2\/product_brand?post=1022"},{"taxonomy":"product_cat","embeddable":true,"href":"https:\/\/bituumensindel24.ee\/fi\/wp-json\/wp\/v2\/product_cat?post=1022"},{"taxonomy":"product_tag","embeddable":true,"href":"https:\/\/bituumensindel24.ee\/fi\/wp-json\/wp\/v2\/product_tag?post=1022"}],"curies":[{"name":"wp","href":"https:\/\/api.w.org\/{rel}","templated":true}]}}