{"id":564,"date":"2021-03-30T12:55:45","date_gmt":"2021-03-30T09:55:45","guid":{"rendered":"https:\/\/bituumensindel24.ee\/?page_id=564"},"modified":"2024-01-01T08:23:18","modified_gmt":"2024-01-01T06:23:18","slug":"muugitingimused","status":"publish","type":"page","link":"https:\/\/bituumensindel24.ee\/fi\/muugitingimused\/","title":{"rendered":"Myyntiehdot"},"content":{"rendered":"<p><strong>Kivikatus24 O\u00dc myyntiehdot<\/strong><\/p>\n<p>Voimassa alkaen 01.04.2021<\/p>\n<p><strong>1. Myyntiehtojen voimassaolo Kuluttajalle (fyysisest\u00e4 henkil\u00f6st\u00e4 ostajalle)<\/strong><\/p>\n<p>1.1 Myyntiehdot ovat voimassa Kattolaatta24.ee verkkokaupasta tuotteiden ja palvelujen ostamisen yhteydess\u00e4 kun kaupan osapuolet ovat fyysisest\u00e4 henkil\u00f6st\u00e4 tai oikeushenkil\u00f6st\u00e4 ostaja (j\u00e4ljemp\u00e4n\u00e4 Kuluttaja) ja yritys Kivikatus24 O\u00dc (j\u00e4ljemp\u00e4n\u00e4 Verkkokauppa).<\/p>\n<p>1.2 Kyseisten ehtojen lis\u00e4ksi sovelletaan Verkkokaupasta tuotteiden ostamisen yhteydess\u00e4 syntyviin oikeussuhteisiin Virossa voimassa olevaa velvoiteoikeuslakia (j\u00e4ljemp\u00e4n\u00e4 V\u00d5S), kuluttajaoikeuslakia (j\u00e4ljemp\u00e4n\u00e4 TKS) ja muita m\u00e4\u00e4r\u00e4yksi\u00e4.<\/p>\n<p>1.3 Verkkokauppa pid\u00e4tt\u00e4\u00e4 itselleen oikeuden tehd\u00e4 muutoksia myyntiehtoihin. Kyseiset muutokset heijastetaan verkkosivulla bituumensindel24.ee<\/p>\n<p><strong>2. Hintatiedot<\/strong><\/p>\n<p>2.1 Kaikki Verkkokaupan hinnat sis\u00e4lt\u00e4v\u00e4t arvonlis\u00e4veron 22%.<br \/>\n2.2 Ostohintaan lis\u00e4\u00e4ntyv\u00e4t kuljetuskustannukset Kuluttajan valitun kuljetustavan mukaan. Kuljetuksen hinnat ovat sivulla bituumensindel24.ee tai sis\u00e4ltyv\u00e4t hintatarjoukseen.<br \/>\n2.3 Hinnat ovat voimassa tilauksen vahvistamisesta tilauksesta maksamisen er\u00e4\u00e4ntymisajan loppuun saakka, tavallisesti 24 tuntia.<br \/>\n2.4 Kun tilaus on j\u00e4tetty ennen myyntiehtojen muuttamista, sovelletaan Kuluttajan ja Kivikatus24 O\u00dc:n v\u00e4lisiin oikeussuhteisiin tilauksen vahvistamisen aikana voimassa olleita ehtoja.<br \/>\n2.5 Verkkokauppa pid\u00e4tt\u00e4\u00e4 itselleen oikeuden tehd\u00e4 muutoksia myyntihintoihin. Kyseiset muutokset heijastetaan verkkosivulla bituumensindel24.ee<br \/>\n2.6 Verkkosivulla bituumensindel24.ee esitetty hinta voi erikoistapauksissa olla ep\u00e4todenmukaista, esimerkiksi tietoj\u00e4rjestelm\u00e4n virheen sattuessa. Siin\u00e4 tapauksessa tiedotetaan Kuluttajaa ja Kuluttajalla on oikeus peruttaa kauppa.<\/p>\n<p><strong>3 Tilauksen tekeminen<\/strong><\/p>\n<p>3.1 Lis\u00e4\u00e4 halutut tuotteet ostoskoriin.<br \/>\n3.2 Tilauksen tekemiseen on teht\u00e4v\u00e4 kolme askelta:<\/p>\n<p>\u2022 K\u00e4yt\u00e4 tarjouskuponkia;<br \/>\n\u2022 Uudista m\u00e4\u00e4r\u00e4;<br \/>\n\u2022 Kuljetuskustannukset;<br \/>\nTilauksen vahvistamisen vaiheessa tarkista tuotteet ja hinnat ja paina \u201cMaksamaan\u201d.<br \/>\nOston suorittamiseen t\u00e4yt\u00e4 tarvittavat kent\u00e4t: \u201cLaskutustiedot\u201c;<\/p>\n<p>Tilaus katsotaan vahvistetuksi, kun painat \u201cTee tilaus\u201d<br \/>\n3.3 T\u00e4yt\u00e4 huolellisesti tietojen ja tilauksen vahvistuksen sivulla olevat sarakkeet, koska annetun tiedon tarkkuudesta riippuu ostettujen tuotteiden nopea ja esteet\u00f6n toimitus ja my\u00f6hempi erimielisyyksien ja vaatimusten ratkaiseminen.<\/p>\n<p>3.4 Verkkokaupasta tehtyj\u00e4 tilauksia k\u00e4sitell\u00e4\u00e4n arkip\u00e4ivisin (Ma-Pe 9:00\u221217:00, lauantaisin 11.00 \u2013 15.00). Kun tilaus tehd\u00e4\u00e4n lauantaina kello 15 j\u00e4lkeen, se k\u00e4sitell\u00e4\u00e4n seuraavana maanantaina. Edell\u00e4 sanottu koskee my\u00f6s toimitustapaa \u201enoudan tuotteet itse\u201c.<\/p>\n<p><strong>4 Myyntisopimuksen voimaantulo<\/strong><\/p>\n<p>4.1 Verkkokauppa sitoutuu myyntisopimuksella toimittamaan Kuluttajalle olemassa olevan tuotteen tai Verkkokaupan tulevaisuudessa hankittavan tuotteen ja varmistamaan omistusoikeuden siirtymisen Kuluttajalle. Kuluttaja sitoutuu maksamaan verkkokaupalle esitetyss\u00e4 laskussa olevan summan ja vastaanottamaan Tuotteet.<br \/>\n4.2 Tilaukset, josta ei ole maksettu, mit\u00e4t\u00f6id\u00e4\u00e4n 24h kuluttua tilauksen j\u00e4tt\u00e4misest\u00e4.<br \/>\n4.3 Myyntisopimus tulee voimaan, kun Kuluttaja on suorittanut maksun Verkkokaupan pankkitilille.<\/p>\n<p><strong>5 Tilauksen t\u00e4ytt\u00e4minen<\/strong><\/p>\n<p>5.1 Verkkokaupassa kuvatut tuotteet, joita varastosta ei l\u00f6ytynyt, hankitaan 4 viikossa tilauksen j\u00e4tt\u00e4misest\u00e4.<br \/>\n5.2 Kun Kuluttaja on tilannut tuotteen, jota ei voida toimittaa 2 viikossa, Verkkokauppa ottaa Kuluttajaan yhteyden ja ehdottaa uuden mahdollisen toimitusajan tai tuotteen vaihdon toiseen samanarvoiseen tuotteeseen, jonka hinta ja laatu ovat samankaltaisia tilatun tuotteen kanssa samankaltaisia tai maksetun summan palauttamisen. Kuluttajalle palautetaan raha viimeist\u00e4\u00e4n 3 arkip\u00e4iv\u00e4ss\u00e4.<\/p>\n<p><strong>6 Toimitus<\/strong><\/p>\n<p>6.1 Myyntisopimuksen voimaantulon j\u00e4lkeen Verkkokauppa t\u00e4ytt\u00e4\u00e4 tilauksen ja luovuttaa sen kuljetusliikkeelle toimitettavaksi.<br \/>\n6.2 Verkkokaupan kotisivuilla annetut toimitusajat alkavat tilauksen maksamisesta Verkkokaupan pankkitilille.<br \/>\n6.3 Toimitusongelmien v\u00e4ltt\u00e4miseksi on tilauksen j\u00e4tt\u00e4misen yhteydess\u00e4 esitett\u00e4v\u00e4 todenmukaiset ja voimassa olevat tiedot ja tarkistettava huolellisesti, ett\u00e4 kaikki tiedot ovat oikeita.<br \/>\n6.4 Verkokauppa ei ole vastuussa toimituksen my\u00f6h\u00e4stymisest\u00e4, kun tuotteet on luovutettu kuljetusliikkeelle ajoissa ja toimituksen my\u00f6h\u00e4styminen johtuu tilanteista, joihin Verkkokauppa ei voinut vaikuttaa.<br \/>\n6.5 Kun Kuluttaja haluaa noutaa tuotteet itse, ilmoitetaan Kuluttajalle puhelimessa tai s\u00e4hk\u00f6postilla, kun h\u00e4nen tilatut tuotteet ovat valmis noutamiseen.<br \/>\n6.6 Tilatut tuotteet luovutetaan vain tilaukseen merkitylle Kuluttajalle henkil\u00f6\u00e4 todistavan asiakirjan perusteella. Tuotteiden luovutus kolmansille henkil\u00f6ille tapahtuu vain Kuluttajan kanssa sovittuna.<\/p>\n<p><strong>7 Palautusoikeus<\/strong><\/p>\n<p>7.1 Tuotteiden vastaanottamisen j\u00e4lkeen on Kuluttajalla oikeus peruuttaa verkkokaupassa tehty sopimus ilman peruuttamisen syyt\u00e4 ilmoittamatta 14 p\u00e4iv\u00e4ss\u00e4 (tuotteista tai palveluista riippuvasti ei tarvitse Kuluttajalla olla peruuttamisen oikeutta. Kyseiset tuotteet ja palvelut on lueteltava ja niiden on oltava V\u00d5S 53 \u00a7 4 mom. mukaisia). Peruuttamishakemuksen lomake on Verkkokaupan kotisivuilla.<br \/>\n7.2 Palautetun esineen tilanteen huonontumisen tapauksessa Kuluttaja vastaa esineen k\u00e4yt\u00f6st\u00e4 johtuvasta arvon alenemisesta vain silloin, kun h\u00e4n on k\u00e4ytt\u00e4nyt esinett\u00e4 muulla tavalla kuin esineen olemuksen, ominaisuuksien ja toimimisen tarkistamiseen. Kuluttajan on k\u00e4sitelt\u00e4v\u00e4 ja k\u00e4ytett\u00e4v\u00e4 esinett\u00e4 sen olemuksen, ominaisuuksien ja toimimisen tarkistamiseen vain sill\u00e4 tavalla kuin tavanomaisissa kaupoissa sallitaan.<br \/>\n7.3 Tuotteen palauttamiseen on Tuotteen palauttamista koskeva hakemus l\u00e4hetett\u00e4v\u00e4 osoitteeseen Peterburi tee 34\/4-305 Tallinn 11415 tai s-postilla: info@bituumensindel24.ee<br \/>\nviimeist\u00e4\u00e4n 14 p\u00e4iv\u00e4ss\u00e4 tuotteen vastaanottamisesta.<br \/>\n7.4 Kuluttajan on palautettava tuotteet hakemuksen esitt\u00e4mist\u00e4 seuraavassa 14 p\u00e4iv\u00e4ss\u00e4 tai esitett\u00e4v\u00e4 todiste siit\u00e4, ett\u00e4 h\u00e4n on luovuttanut tuotteet kuljetusliikkeelle edell\u00e4 mainitussa ajassa.<br \/>\n7.5 Verkkokauppa palauttaa palauttamishakemuksen vastaanottamisen j\u00e4lkeen viimeist\u00e4\u00e4n 14 p\u00e4iv\u00e4ss\u00e4 Kuluttajalle kaikki sopimuksen mukaan Kuluttajalta saadut suoritukset, muun muassa Kuluttajan toimituskustannukset, jos Kuluttaja on valinnut yritt\u00e4j\u00e4n tarjotuista toimitustavoista edullisimman. Kun Kuluttaja on valinut edullisimmasta toimitustavasta poikkeavan toimitustavan, ei palauta Verkkokauppa Kuluttajalle toimituskustannuksia, jotka ylitt\u00e4v\u00e4t tavanomaiset toimituskustannukset.<br \/>\n7.6 Tuotteen palauttamisen kustannukset maksaa Kuluttaja.<\/p>\n<p><strong>8 Ylitt\u00e4m\u00e4t\u00f6n este<\/strong><\/p>\n<p>8.1 Verkkokauppa ei ole vastuussa Tilaajalle aiheutetuista vahingoista tai tuotteiden toimituksen my\u00f6h\u00e4stymisest\u00e4, jos vahinko tai my\u00f6h\u00e4styminen on aiheutunut tilanteista, johon Verkkokauppa ei voinut vaikuttaa.<\/p>\n<p><strong>9 Henkil\u00f6tietojen k\u00e4sittely<\/strong><\/p>\n<p>9.1 Kuluttaja antaa Verkkokaupassa tiedot sis\u00e4ist\u00e4en ja vahvistaen suostumuksen Kuluttajan henkil\u00f6tietojen (nimi, puhelin, tuotteiden toimitusosoite ja\/tai kotiosoite, s-posti) ker\u00e4\u00e4miseen ja k\u00e4sittelyyn ja tuotteiden toimituksen tarkoituksessa kuljetusliikkeille v\u00e4litt\u00e4miseen.<br \/>\n9.2 Verkkokaupalla on oikeus k\u00e4ytt\u00e4\u00e4 Kuluttajan kotiosoitetta mainosten ja muun tiedon Kuluttajalle v\u00e4litt\u00e4miseen.<br \/>\n9.3 Kuluttajalla on oikeus milloin tahansa kielt\u00e4\u00e4 henkil\u00f6tietojen ker\u00e4\u00e4minen ja k\u00e4sittely, paitsi tilanteita, joissa se on tarpeeksi sopimuksesta johtuvan vaatimuksen perint\u00e4\u00e4n tai tuotteiden toimitukseen.<br \/>\n9.4 Salattu tietoyhteys pankkiin takaa ostoista maksamisen yhteydess\u00e4 Kuluttajan henkil\u00f6kohtaisten pankkitunnusten turvallisuuden ja Verkkokaupalta puuttuu niihin p\u00e4\u00e4sy.<\/p>\n<p><strong>10 Tuotteen takuuaika ja vaatimusten esitt\u00e4minen<\/strong><\/p>\n<p>10.1 Tuotteen takuuaika on valmistajan m\u00e4\u00e4r\u00e4tty aika, jonka sis\u00e4ll\u00e4 valmistaja on vastuussa tuotteen sopimuksenmukaisuudesta tai puutteista.<br \/>\n10.2 Verkkokauppa on takuuajan sis\u00e4ll\u00e4 vastuussa Kuluttajalle myydyn tuotteen sopimuksenmukaisuudesta tai puutteista ja puutteet korjaa tuotteen valmistajan m\u00e4\u00e4r\u00e4tty takuukorjauksen suorittaja.<br \/>\n10.3 Tuotteiden yhteydess\u00e4, joiden takuuaika on lyhempi kuin 24 kuukautta, on Kuluttajalla oikeus tuotteessa puutteiden havaitsemisen yhteydess\u00e4 esitt\u00e4\u00e4 Verkkokaupalle vaatimus kahdessa vuodessa tuotteen toimituksesta.<br \/>\n10.4 Kun Kuluttaja esitt\u00e4\u00e4 vaatimuksen kuudessa kuukaudessa tuotteen toimituksesta ja tuotteessa ei ole osoitusta p\u00e4invastaisesta, edellytet\u00e4\u00e4n, ett\u00e4 virhe esiintyi jo tuotteen luovutuksen aikana. Kun vaatimus esitet\u00e4\u00e4n my\u00f6hemmin kuin kuudessa kuukaudessa, Kuluttajan on todistettava, ettei puute johdu k\u00e4yt\u00f6st\u00e4 ja se esiintyi jo tuotteen luovutuksen aikana.<br \/>\n10.5 Kulutajalla on oikeus viimeist\u00e4\u00e4n kahdessa kuukaudessa puutteen havaitsemisesta esitt\u00e4\u00e4 ostulaskun perusteella Verkkokaupalle vaatimus.<br \/>\n10.6 Puutteiden havaitsemisen yhteydess\u00e4 on Kuluttajan lopetettava tuotteen k\u00e4ytt\u00f6.<br \/>\n10.7 Verkkokauppa ja Kuluttaja sopivat puutteellisen tuotteen korjauksesta tai vaihdosta.<br \/>\n10.8 Verkkokauppa ei ole vastuussa Kuluttajan toiminnasta aiheutuneista puutteista, jotka ovat aiheutuneet tuotteen ep\u00e4tarkoituksenmukaisesta varastoinnista tai k\u00e4yt\u00f6st\u00e4.<br \/>\n10.9 Kun tuotteessa havaitaan puutteita, pyyd\u00e4mme l\u00e4hett\u00e4m\u00e4\u00e4n s\u00e4hk\u00f6postiosoitteeseen vaatimus, johon merkit\u00e4\u00e4n tilaajan nimi, puhelin, tilauksen numero ja tuotteessa esiintyv\u00e4n puutteen tarkka kuvaus.<br \/>\n10.10 Tuotteissa havaittuja puutteita koskeva vaatimus on esitett\u00e4v\u00e4 kahdessa kuukaudessa tuotteessa esiintyv\u00e4n puutteen havaitsemisesta.<br \/>\n10.11 Kaikki vaatimukset k\u00e4sitell\u00e4\u00e4n ja Kuluttajaan otetaan yhteys mahdollisimman nopeasti, kuitenkin viimeist\u00e4\u00e4n 14 p\u00e4iv\u00e4ss\u00e4 vaatimuksen vastaanottamisesta.<br \/>\n10.12 Kuluttajalla on oikeus vaatia Verkkokaupalta ostohinnan alentamista tai sopimuksen lopettamista ja tuotteesta maksetun rahan palauttamista, kun Verkkokauppa ei voi korjata tai vaihtaa tuotetta, tuotteen korjaus tai vaihto ep\u00e4onnistuu, Verkkokauppa ei ole korjanut tuotteessa esiintyvi\u00e4 puutteita kohtuullisessa ajassa tai Kuluttajalle on aiheutettu kohtuuttomia hankaluuksia.<\/p>\n<p><strong>11 Kuluttajan oikeus hakeutua kuluttajavalituslautakuntaan<\/strong><\/p>\n<p>10.1 Kun Verkkokauppa on kielt\u00e4ytynyt Kuluttajan valitusta k\u00e4sittelem\u00e4st\u00e4 tai Kuluttaja ei ole tyytyv\u00e4inen Verkkokaupan tarjottuun ratkaisuun ja l\u00f6yt\u00e4\u00e4, ett\u00e4 h\u00e4nen oikeuksia tai etuja on loukattu, Kuluttaja voi j\u00e4tt\u00e4\u00e4 valituksen kuluttajavalituslautakunnalle tai oikeudelle. Kuluttaja voi j\u00e4tt\u00e4\u00e4 valituksen itse tai edustajansa kautta. Kuluttajavalituslautakunnan tiedot ovat Kuluttajansuojaviraston kotisivuilla, Euroopan Unionin j\u00e4senmaissa aiheutuneiden ongelmien ratkaisemiseen on otettava yhteys Euroopan Unionin kuluttajien neuvontakeskukseen.<\/p>\n<p><strong>12. Yhteystiedot<\/strong><\/p>\n<p>Kivikatus24 O\u00dc<br \/>\nY-tunnus: 14830484<\/p>\n<p>Osoite:<br \/>\nPeterburi tee 34\/1<br \/>\n11415 Tallinn<\/p>\n<p>Puhelin: +(372) 56 26 3773<br \/>\nS-posti: info@bituumensindel24.ee<br \/>\nYhteyshenkil\u00f6: Rainer Hartikainen<\/p>","protected":false},"excerpt":{"rendered":"<p>Kivikatus24 O\u00dc myyntiehdot Voimassa alkaen 01.04.2021 1. Myyntiehtojen voimassaolo Kuluttajalle (fyysisest\u00e4 henkil\u00f6st\u00e4 ostajalle) 1.1 Myyntiehdot ovat voimassa Kattolaatta24.ee verkkokaupasta tuotteiden<\/p>\n","protected":false},"author":1,"featured_media":0,"parent":0,"menu_order":0,"comment_status":"closed","ping_status":"closed","template":"","meta":{"footnotes":""},"class_list":["post-564","page","type-page","status-publish","hentry"],"aioseo_notices":[],"_links":{"self":[{"href":"https:\/\/bituumensindel24.ee\/fi\/wp-json\/wp\/v2\/pages\/564","targetHints":{"allow":["GET"]}}],"collection":[{"href":"https:\/\/bituumensindel24.ee\/fi\/wp-json\/wp\/v2\/pages"}],"about":[{"href":"https:\/\/bituumensindel24.ee\/fi\/wp-json\/wp\/v2\/types\/page"}],"author":[{"embeddable":true,"href":"https:\/\/bituumensindel24.ee\/fi\/wp-json\/wp\/v2\/users\/1"}],"replies":[{"embeddable":true,"href":"https:\/\/bituumensindel24.ee\/fi\/wp-json\/wp\/v2\/comments?post=564"}],"version-history":[{"count":7,"href":"https:\/\/bituumensindel24.ee\/fi\/wp-json\/wp\/v2\/pages\/564\/revisions"}],"predecessor-version":[{"id":1807,"href":"https:\/\/bituumensindel24.ee\/fi\/wp-json\/wp\/v2\/pages\/564\/revisions\/1807"}],"wp:attachment":[{"href":"https:\/\/bituumensindel24.ee\/fi\/wp-json\/wp\/v2\/media?parent=564"}],"curies":[{"name":"wp","href":"https:\/\/api.w.org\/{rel}","templated":true}]}}